{"id":1279,"date":"2024-07-25T11:42:31","date_gmt":"2024-07-25T09:42:31","guid":{"rendered":"https:\/\/saintjeanlasseille.site-internet-net.fr\/?page_id=1279"},"modified":"2024-07-25T15:56:41","modified_gmt":"2024-07-25T13:56:41","slug":"demarches-pour-les-particuliers","status":"publish","type":"page","link":"https:\/\/saintjeanlasseille.site-internet-net.fr\/?page_id=1279","title":{"rendered":"D\u00e9marches pour les particuliers"},"content":{"rendered":"\t\t<div data-elementor-type=\"wp-page\" data-elementor-id=\"1279\" class=\"elementor elementor-1279\" data-elementor-post-type=\"page\">\n\t\t\t\t<div class=\"elementor-element elementor-element-65598f95 e-flex e-con-boxed e-con e-parent\" data-id=\"65598f95\" data-element_type=\"container\" data-settings=\"{&quot;background_background&quot;:&quot;classic&quot;}\">\n\t\t\t\t\t<div class=\"e-con-inner\">\n\t\t<div class=\"elementor-element elementor-element-1f3b89b9 e-con-full e-flex e-con e-child\" data-id=\"1f3b89b9\" data-element_type=\"container\">\n\t\t\t\t<div class=\"elementor-element elementor-element-78665269 elementor-widget elementor-widget-heading\" data-id=\"78665269\" data-element_type=\"widget\" data-widget_type=\"heading.default\">\n\t\t\t\t<div class=\"elementor-widget-container\">\n\t\t\t\t\t<h1 class=\"elementor-heading-title elementor-size-default\">D\u00e9marches pour les particuliers<\/h1>\t\t\t\t<\/div>\n\t\t\t\t<\/div>\n\t\t\t\t<\/div>\n\t\t\t\t\t<\/div>\n\t\t\t\t<\/div>\n\t\t<div class=\"elementor-element elementor-element-55e3550d e-con-full e-flex e-con e-parent\" data-id=\"55e3550d\" data-element_type=\"container\" data-settings=\"{&quot;background_background&quot;:&quot;classic&quot;}\">\n\t\t<div class=\"elementor-element elementor-element-5eae05d7 marianne e-flex e-con-boxed e-con e-child\" data-id=\"5eae05d7\" data-element_type=\"container\" data-settings=\"{&quot;background_background&quot;:&quot;classic&quot;,&quot;shape_divider_bottom&quot;:&quot;triangle-asymmetrical&quot;,&quot;shape_divider_bottom_negative&quot;:&quot;yes&quot;}\">\n\t\t\t\t\t<div class=\"e-con-inner\">\n\t\t\t\t<div class=\"elementor-shape elementor-shape-bottom\" aria-hidden=\"true\" data-negative=\"true\">\n\t\t\t<svg xmlns=\"http:\/\/www.w3.org\/2000\/svg\" viewBox=\"0 0 1000 100\" preserveAspectRatio=\"none\">\n\t<path class=\"elementor-shape-fill\" d=\"M737.9,94.7L0,0v100h1000V0L737.9,94.7z\"\/>\n<\/svg>\t\t<\/div>\n\t\t\t\t<div class=\"elementor-element elementor-element-3307c0a9 elementor-widget elementor-widget-text-editor\" data-id=\"3307c0a9\" data-element_type=\"widget\" data-widget_type=\"text-editor.default\">\n\t\t\t\t<div class=\"elementor-widget-container\">\n\t\t\t\t\t\t\t\t\t<p>Faites ici toutes vos d\u00e9marches via le portail officiel du service pulic inclus ci-dessous :<br \/><em>\u00c9tat-civil<\/em>, <em>permis de conduire<\/em>, <em>allocations<\/em>, <em>d\u00e9clarations (naissance, mariage&#8230;)<\/em>, <em>RSA<\/em>, <em>handicap<\/em>, <em>ch\u00f4mage<\/em>, <em>retraite<\/em>, <em>logement social<\/em>, <em>infractions<\/em>, <em>aide juridictionnelle<\/em>, <em>permis de chasse<\/em>, <em>imp\u00f4ts<\/em>&#8230;<\/p>\t\t\t\t\t\t\t\t<\/div>\n\t\t\t\t<\/div>\n\t\t\t\t\t<\/div>\n\t\t\t\t<\/div>\n\t\t\t\t<\/div>\n\t\t<div class=\"elementor-element elementor-element-f5f55f6 traits e-flex e-con-boxed e-con e-parent\" data-id=\"f5f55f6\" data-element_type=\"container\">\n\t\t\t\t\t<div class=\"e-con-inner\">\n\t\t\t\t<div class=\"elementor-element elementor-element-c7bba8f elementor-widget elementor-widget-shortcode\" data-id=\"c7bba8f\" data-element_type=\"widget\" data-widget_type=\"shortcode.default\">\n\t\t\t\t<div class=\"elementor-widget-container\">\n\t\t\t\t\t\t\t<div class=\"elementor-shortcode\">\t\t<div id=\"comarquage\" class=\"comarquage espace-part\">\n\t\t\t<div class=\"co-alert co-alert-error\" role=\"alert\">Impossible de trouver la fiche : accueil.xml<\/div>\t\t<\/div>\n\t\t<\/div>\n\t\t\t\t\t\t<\/div>\n\t\t\t\t<\/div>\n\t\t\t\t\t<\/div>\n\t\t\t\t<\/div>\n\t\t\t\t<\/div>\n\t\t","protected":false},"excerpt":{"rendered":"<p>D\u00e9marches pour les particuliers Faites ici toutes vos d\u00e9marches via le portail officiel du service pulic inclus ci-dessous :\u00c9tat-civil, permis de conduire, allocations, d\u00e9clarations (naissance, mariage&#8230;), RSA, handicap, ch\u00f4mage, retraite, logement social, infractions, aide juridictionnelle, permis de chasse, imp\u00f4ts&#8230;<\/p>\n","protected":false},"author":2,"featured_media":0,"parent":0,"menu_order":0,"comment_status":"closed","ping_status":"closed","template":"","meta":{"footnotes":""},"class_list":["post-1279","page","type-page","status-publish","hentry"],"_links":{"self":[{"href":"https:\/\/saintjeanlasseille.site-internet-net.fr\/index.php?rest_route=\/wp\/v2\/pages\/1279"}],"collection":[{"href":"https:\/\/saintjeanlasseille.site-internet-net.fr\/index.php?rest_route=\/wp\/v2\/pages"}],"about":[{"href":"https:\/\/saintjeanlasseille.site-internet-net.fr\/index.php?rest_route=\/wp\/v2\/types\/page"}],"author":[{"embeddable":true,"href":"https:\/\/saintjeanlasseille.site-internet-net.fr\/index.php?rest_route=\/wp\/v2\/users\/2"}],"replies":[{"embeddable":true,"href":"https:\/\/saintjeanlasseille.site-internet-net.fr\/index.php?rest_route=%2Fwp%2Fv2%2Fcomments&post=1279"}],"version-history":[{"count":13,"href":"https:\/\/saintjeanlasseille.site-internet-net.fr\/index.php?rest_route=\/wp\/v2\/pages\/1279\/revisions"}],"predecessor-version":[{"id":1369,"href":"https:\/\/saintjeanlasseille.site-internet-net.fr\/index.php?rest_route=\/wp\/v2\/pages\/1279\/revisions\/1369"}],"wp:attachment":[{"href":"https:\/\/saintjeanlasseille.site-internet-net.fr\/index.php?rest_route=%2Fwp%2Fv2%2Fmedia&parent=1279"}],"curies":[{"name":"wp","href":"https:\/\/api.w.org\/{rel}","templated":true}]}}