{"id":1281,"date":"2024-07-25T11:42:46","date_gmt":"2024-07-25T09:42:46","guid":{"rendered":"https:\/\/saintjeanlasseille.site-internet-net.fr\/?page_id=1281"},"modified":"2024-07-25T15:49:51","modified_gmt":"2024-07-25T13:49:51","slug":"demarches-pour-les-associations","status":"publish","type":"page","link":"https:\/\/saintjeanlasseille.site-internet-net.fr\/?page_id=1281","title":{"rendered":"D\u00e9marches pour les Associations"},"content":{"rendered":"\t\t<div data-elementor-type=\"wp-page\" data-elementor-id=\"1281\" class=\"elementor elementor-1281\" data-elementor-post-type=\"page\">\n\t\t\t\t<div class=\"elementor-element elementor-element-6256728 e-flex e-con-boxed e-con e-parent\" data-id=\"6256728\" data-element_type=\"container\" data-settings=\"{&quot;background_background&quot;:&quot;classic&quot;}\">\n\t\t\t\t\t<div class=\"e-con-inner\">\n\t\t<div class=\"elementor-element elementor-element-675ba8f0 e-con-full e-flex e-con e-child\" data-id=\"675ba8f0\" data-element_type=\"container\">\n\t\t\t\t<div class=\"elementor-element elementor-element-2ad8949b elementor-widget elementor-widget-heading\" data-id=\"2ad8949b\" data-element_type=\"widget\" data-widget_type=\"heading.default\">\n\t\t\t\t<div class=\"elementor-widget-container\">\n\t\t\t\t\t<h1 class=\"elementor-heading-title elementor-size-default\">D\u00e9marches pour les Associations<\/h1>\t\t\t\t<\/div>\n\t\t\t\t<\/div>\n\t\t\t\t<\/div>\n\t\t\t\t\t<\/div>\n\t\t\t\t<\/div>\n\t\t<div class=\"elementor-element elementor-element-3c0b6e31 e-con-full e-flex e-con e-parent\" data-id=\"3c0b6e31\" data-element_type=\"container\" data-settings=\"{&quot;background_background&quot;:&quot;classic&quot;}\">\n\t\t<div class=\"elementor-element elementor-element-72a472fb marianne e-flex e-con-boxed e-con e-child\" data-id=\"72a472fb\" data-element_type=\"container\" data-settings=\"{&quot;background_background&quot;:&quot;classic&quot;,&quot;shape_divider_bottom&quot;:&quot;triangle-asymmetrical&quot;,&quot;shape_divider_bottom_negative&quot;:&quot;yes&quot;}\">\n\t\t\t\t\t<div class=\"e-con-inner\">\n\t\t\t\t<div class=\"elementor-shape elementor-shape-bottom\" aria-hidden=\"true\" data-negative=\"true\">\n\t\t\t<svg xmlns=\"http:\/\/www.w3.org\/2000\/svg\" viewBox=\"0 0 1000 100\" preserveAspectRatio=\"none\">\n\t<path class=\"elementor-shape-fill\" d=\"M737.9,94.7L0,0v100h1000V0L737.9,94.7z\"\/>\n<\/svg>\t\t<\/div>\n\t\t\t\t<div class=\"elementor-element elementor-element-7c62d4e5 elementor-widget elementor-widget-text-editor\" data-id=\"7c62d4e5\" data-element_type=\"widget\" data-widget_type=\"text-editor.default\">\n\t\t\t\t<div class=\"elementor-widget-container\">\n\t\t\t\t\t\t\t\t\t<p>Faites ici toutes vos d\u00e9marches via le portail officiel du service pulic inclus ci-dessous :<br \/><em>Immatriculation<\/em>, <em>D\u00e9clarations<\/em>, <em>subventions<\/em>, <em>organisations d&rsquo;\u00e9v\u00e9nements<\/em>&#8230;<\/p>\t\t\t\t\t\t\t\t<\/div>\n\t\t\t\t<\/div>\n\t\t\t\t\t<\/div>\n\t\t\t\t<\/div>\n\t\t\t\t<\/div>\n\t\t<div class=\"elementor-element elementor-element-354d5f46 traits e-flex e-con-boxed e-con e-parent\" data-id=\"354d5f46\" data-element_type=\"container\">\n\t\t\t\t\t<div class=\"e-con-inner\">\n\t\t\t\t<div class=\"elementor-element elementor-element-5b7ae11 elementor-widget elementor-widget-shortcode\" data-id=\"5b7ae11\" data-element_type=\"widget\" data-widget_type=\"shortcode.default\">\n\t\t\t\t<div class=\"elementor-widget-container\">\n\t\t\t\t\t\t\t<div class=\"elementor-shortcode\">\t\t<div id=\"comarquage\" class=\"comarquage espace-asso\">\n\t\t\t<div class=\"co-alert co-alert-error\" role=\"alert\">Impossible de trouver la fiche : accueil.xml<\/div>\t\t<\/div>\n\t\t<\/div>\n\t\t\t\t\t\t<\/div>\n\t\t\t\t<\/div>\n\t\t\t\t\t<\/div>\n\t\t\t\t<\/div>\n\t\t\t\t<\/div>\n\t\t","protected":false},"excerpt":{"rendered":"<p>D\u00e9marches pour les Associations Faites ici toutes vos d\u00e9marches via le portail officiel du service pulic inclus ci-dessous :Immatriculation, D\u00e9clarations, subventions, organisations d&rsquo;\u00e9v\u00e9nements&#8230;<\/p>\n","protected":false},"author":2,"featured_media":0,"parent":0,"menu_order":0,"comment_status":"closed","ping_status":"closed","template":"","meta":{"footnotes":""},"class_list":["post-1281","page","type-page","status-publish","hentry"],"_links":{"self":[{"href":"https:\/\/saintjeanlasseille.site-internet-net.fr\/index.php?rest_route=\/wp\/v2\/pages\/1281"}],"collection":[{"href":"https:\/\/saintjeanlasseille.site-internet-net.fr\/index.php?rest_route=\/wp\/v2\/pages"}],"about":[{"href":"https:\/\/saintjeanlasseille.site-internet-net.fr\/index.php?rest_route=\/wp\/v2\/types\/page"}],"author":[{"embeddable":true,"href":"https:\/\/saintjeanlasseille.site-internet-net.fr\/index.php?rest_route=\/wp\/v2\/users\/2"}],"replies":[{"embeddable":true,"href":"https:\/\/saintjeanlasseille.site-internet-net.fr\/index.php?rest_route=%2Fwp%2Fv2%2Fcomments&post=1281"}],"version-history":[{"count":37,"href":"https:\/\/saintjeanlasseille.site-internet-net.fr\/index.php?rest_route=\/wp\/v2\/pages\/1281\/revisions"}],"predecessor-version":[{"id":1365,"href":"https:\/\/saintjeanlasseille.site-internet-net.fr\/index.php?rest_route=\/wp\/v2\/pages\/1281\/revisions\/1365"}],"wp:attachment":[{"href":"https:\/\/saintjeanlasseille.site-internet-net.fr\/index.php?rest_route=%2Fwp%2Fv2%2Fmedia&parent=1281"}],"curies":[{"name":"wp","href":"https:\/\/api.w.org\/{rel}","templated":true}]}}