{"id":1283,"date":"2024-07-25T11:43:01","date_gmt":"2024-07-25T09:43:01","guid":{"rendered":"https:\/\/saintjeanlasseille.site-internet-net.fr\/?page_id=1283"},"modified":"2024-07-25T15:57:02","modified_gmt":"2024-07-25T13:57:02","slug":"demarches-pour-les-professionnels","status":"publish","type":"page","link":"https:\/\/saintjeanlasseille.site-internet-net.fr\/?page_id=1283","title":{"rendered":"D\u00e9marches pour les professionnels"},"content":{"rendered":"\t\t<div data-elementor-type=\"wp-page\" data-elementor-id=\"1283\" class=\"elementor elementor-1283\" data-elementor-post-type=\"page\">\n\t\t\t\t<div class=\"elementor-element elementor-element-b7c5455 e-flex e-con-boxed e-con e-parent\" data-id=\"b7c5455\" data-element_type=\"container\" data-settings=\"{&quot;background_background&quot;:&quot;classic&quot;}\">\n\t\t\t\t\t<div class=\"e-con-inner\">\n\t\t<div class=\"elementor-element elementor-element-76e814a5 e-con-full e-flex e-con e-child\" data-id=\"76e814a5\" data-element_type=\"container\">\n\t\t\t\t<div class=\"elementor-element elementor-element-267a1a1f elementor-widget elementor-widget-heading\" data-id=\"267a1a1f\" data-element_type=\"widget\" data-widget_type=\"heading.default\">\n\t\t\t\t<div class=\"elementor-widget-container\">\n\t\t\t\t\t<h1 class=\"elementor-heading-title elementor-size-default\">D\u00e9marches pour les professionnels<\/h1>\t\t\t\t<\/div>\n\t\t\t\t<\/div>\n\t\t\t\t<\/div>\n\t\t\t\t\t<\/div>\n\t\t\t\t<\/div>\n\t\t<div class=\"elementor-element elementor-element-3dc08c4d e-con-full e-flex e-con e-parent\" data-id=\"3dc08c4d\" data-element_type=\"container\" data-settings=\"{&quot;background_background&quot;:&quot;classic&quot;}\">\n\t\t<div class=\"elementor-element elementor-element-1c20e684 marianne e-flex e-con-boxed e-con e-child\" data-id=\"1c20e684\" data-element_type=\"container\" data-settings=\"{&quot;background_background&quot;:&quot;classic&quot;,&quot;shape_divider_bottom&quot;:&quot;triangle-asymmetrical&quot;,&quot;shape_divider_bottom_negative&quot;:&quot;yes&quot;}\">\n\t\t\t\t\t<div class=\"e-con-inner\">\n\t\t\t\t<div class=\"elementor-shape elementor-shape-bottom\" aria-hidden=\"true\" data-negative=\"true\">\n\t\t\t<svg xmlns=\"http:\/\/www.w3.org\/2000\/svg\" viewBox=\"0 0 1000 100\" preserveAspectRatio=\"none\">\n\t<path class=\"elementor-shape-fill\" d=\"M737.9,94.7L0,0v100h1000V0L737.9,94.7z\"\/>\n<\/svg>\t\t<\/div>\n\t\t\t\t<div class=\"elementor-element elementor-element-60b50410 elementor-widget elementor-widget-text-editor\" data-id=\"60b50410\" data-element_type=\"widget\" data-widget_type=\"text-editor.default\">\n\t\t\t\t<div class=\"elementor-widget-container\">\n\t\t\t\t\t\t\t\t\t<p>Faites ici toutes vos d\u00e9marches via le portail officiel du service public inclus ci-dessous :<br \/><em>Cr\u00e9ation d&rsquo;entreprise<\/em>,<em> fiscalit\u00e9<\/em>,<em> d\u00e9clarations<\/em>,<em> march\u00e9s publics<\/em>, <em>ressources humaines<\/em>&#8230;<\/p>\t\t\t\t\t\t\t\t<\/div>\n\t\t\t\t<\/div>\n\t\t\t\t\t<\/div>\n\t\t\t\t<\/div>\n\t\t\t\t<\/div>\n\t\t<div class=\"elementor-element elementor-element-261047e7 traits e-flex e-con-boxed e-con e-parent\" data-id=\"261047e7\" data-element_type=\"container\">\n\t\t\t\t\t<div class=\"e-con-inner\">\n\t\t\t\t<div class=\"elementor-element elementor-element-fae45fc elementor-widget elementor-widget-shortcode\" data-id=\"fae45fc\" data-element_type=\"widget\" data-widget_type=\"shortcode.default\">\n\t\t\t\t<div class=\"elementor-widget-container\">\n\t\t\t\t\t\t\t<div class=\"elementor-shortcode\">\t\t<div id=\"comarquage\" class=\"comarquage espace-pro\">\n\t\t\t<div class=\"co-alert co-alert-error\" role=\"alert\">Impossible de trouver la fiche : accueil.xml<\/div>\t\t<\/div>\n\t\t<\/div>\n\t\t\t\t\t\t<\/div>\n\t\t\t\t<\/div>\n\t\t\t\t\t<\/div>\n\t\t\t\t<\/div>\n\t\t\t\t<\/div>\n\t\t","protected":false},"excerpt":{"rendered":"<p>D\u00e9marches pour les professionnels Faites ici toutes vos d\u00e9marches via le portail officiel du service public inclus ci-dessous :Cr\u00e9ation d&rsquo;entreprise, fiscalit\u00e9, d\u00e9clarations, march\u00e9s publics, ressources humaines&#8230;<\/p>\n","protected":false},"author":2,"featured_media":0,"parent":0,"menu_order":0,"comment_status":"closed","ping_status":"closed","template":"","meta":{"footnotes":""},"class_list":["post-1283","page","type-page","status-publish","hentry"],"_links":{"self":[{"href":"https:\/\/saintjeanlasseille.site-internet-net.fr\/index.php?rest_route=\/wp\/v2\/pages\/1283"}],"collection":[{"href":"https:\/\/saintjeanlasseille.site-internet-net.fr\/index.php?rest_route=\/wp\/v2\/pages"}],"about":[{"href":"https:\/\/saintjeanlasseille.site-internet-net.fr\/index.php?rest_route=\/wp\/v2\/types\/page"}],"author":[{"embeddable":true,"href":"https:\/\/saintjeanlasseille.site-internet-net.fr\/index.php?rest_route=\/wp\/v2\/users\/2"}],"replies":[{"embeddable":true,"href":"https:\/\/saintjeanlasseille.site-internet-net.fr\/index.php?rest_route=%2Fwp%2Fv2%2Fcomments&post=1283"}],"version-history":[{"count":25,"href":"https:\/\/saintjeanlasseille.site-internet-net.fr\/index.php?rest_route=\/wp\/v2\/pages\/1283\/revisions"}],"predecessor-version":[{"id":1372,"href":"https:\/\/saintjeanlasseille.site-internet-net.fr\/index.php?rest_route=\/wp\/v2\/pages\/1283\/revisions\/1372"}],"wp:attachment":[{"href":"https:\/\/saintjeanlasseille.site-internet-net.fr\/index.php?rest_route=%2Fwp%2Fv2%2Fmedia&parent=1283"}],"curies":[{"name":"wp","href":"https:\/\/api.w.org\/{rel}","templated":true}]}}