{"id":23,"date":"2024-06-19T15:43:54","date_gmt":"2024-06-19T13:43:54","guid":{"rendered":"https:\/\/saintjeanlasseille.site-internet-net.fr\/?page_id=23"},"modified":"2024-07-27T12:27:58","modified_gmt":"2024-07-27T10:27:58","slug":"le-conseil-municipal","status":"publish","type":"page","link":"https:\/\/saintjeanlasseille.site-internet-net.fr\/?page_id=23","title":{"rendered":"Le Conseil Municipal"},"content":{"rendered":"\t\t<div data-elementor-type=\"wp-page\" data-elementor-id=\"23\" class=\"elementor elementor-23\" data-elementor-post-type=\"page\">\n\t\t\t\t<div class=\"elementor-element elementor-element-2a900944 e-flex e-con-boxed e-con e-parent\" data-id=\"2a900944\" data-element_type=\"container\" data-settings=\"{&quot;background_background&quot;:&quot;classic&quot;}\">\n\t\t\t\t\t<div class=\"e-con-inner\">\n\t\t<div class=\"elementor-element elementor-element-7fc1d97 e-con-full e-flex e-con e-child\" data-id=\"7fc1d97\" data-element_type=\"container\">\n\t\t\t\t<div class=\"elementor-element elementor-element-429cfd21 elementor-widget elementor-widget-heading\" data-id=\"429cfd21\" data-element_type=\"widget\" data-widget_type=\"heading.default\">\n\t\t\t\t<div class=\"elementor-widget-container\">\n\t\t\t\t\t<h1 class=\"elementor-heading-title elementor-size-default\">Le conseil municipal<\/h1>\t\t\t\t<\/div>\n\t\t\t\t<\/div>\n\t\t\t\t<\/div>\n\t\t\t\t\t<\/div>\n\t\t\t\t<\/div>\n\t\t<div class=\"elementor-element elementor-element-18df5bc0 e-con-full e-flex e-con e-parent\" data-id=\"18df5bc0\" data-element_type=\"container\" data-settings=\"{&quot;background_background&quot;:&quot;classic&quot;}\">\n\t\t<div class=\"elementor-element elementor-element-7999f26 marianne e-flex e-con-boxed e-con e-child\" data-id=\"7999f26\" data-element_type=\"container\" data-settings=\"{&quot;background_background&quot;:&quot;classic&quot;,&quot;shape_divider_bottom&quot;:&quot;triangle-asymmetrical&quot;,&quot;shape_divider_bottom_negative&quot;:&quot;yes&quot;}\">\n\t\t\t\t\t<div class=\"e-con-inner\">\n\t\t\t\t<div class=\"elementor-shape elementor-shape-bottom\" aria-hidden=\"true\" data-negative=\"true\">\n\t\t\t<svg xmlns=\"http:\/\/www.w3.org\/2000\/svg\" viewBox=\"0 0 1000 100\" preserveAspectRatio=\"none\">\n\t<path class=\"elementor-shape-fill\" d=\"M737.9,94.7L0,0v100h1000V0L737.9,94.7z\"\/>\n<\/svg>\t\t<\/div>\n\t\t\t\t<div class=\"elementor-element elementor-element-0813372 elementor-widget elementor-widget-text-editor\" data-id=\"0813372\" data-element_type=\"widget\" data-widget_type=\"text-editor.default\">\n\t\t\t\t<div class=\"elementor-widget-container\">\n\t\t\t\t\t\t\t\t\t<p>La pr\u00e9sidence de chaque commission est assur\u00e9e par<br \/><em>Monsieur le Maire, Philippe XANCHO<\/em>.<\/p>\t\t\t\t\t\t\t\t<\/div>\n\t\t\t\t<\/div>\n\t\t\t\t\t<\/div>\n\t\t\t\t<\/div>\n\t\t\t\t<\/div>\n\t\t<div class=\"elementor-element elementor-element-5485d1a2 traits e-flex e-con-boxed e-con e-parent\" data-id=\"5485d1a2\" data-element_type=\"container\">\n\t\t\t\t\t<div class=\"e-con-inner\">\n\t\t\t\t<div class=\"elementor-element elementor-element-ec5c379 elementor-widget elementor-widget-heading\" data-id=\"ec5c379\" data-element_type=\"widget\" data-widget_type=\"heading.default\">\n\t\t\t\t<div class=\"elementor-widget-container\">\n\t\t\t\t\t<h2 class=\"elementor-heading-title elementor-size-default\">Commissions Municipales<\/h2>\t\t\t\t<\/div>\n\t\t\t\t<\/div>\n\t\t<div class=\"elementor-element elementor-element-a87666e e-con-full e-flex e-con e-child\" data-id=\"a87666e\" data-element_type=\"container\">\n\t\t<div class=\"elementor-element elementor-element-fc12879 e-con-full e-flex e-con e-child\" data-id=\"fc12879\" data-element_type=\"container\">\n\t\t\t\t<div class=\"elementor-element elementor-element-941efc2 elementor-widget elementor-widget-text-editor\" data-id=\"941efc2\" data-element_type=\"widget\" data-widget_type=\"text-editor.default\">\n\t\t\t\t<div class=\"elementor-widget-container\">\n\t\t\t\t\t\t\t\t\t<h3>1. FINANCES<\/h3><p><b>Vice-Pr\u00e9sident<\/b><strong> : St\u00e9phane FOURCADE<\/strong><br \/>Membres titulaires : Jean BOBO &#8211; Fabienne JEAN &#8211; Didier RICARD<br \/>Membres suppl\u00e9ants : St\u00e9phane CATHELAT &#8211; Emmanuelle MONSERAT<\/p>\t\t\t\t\t\t\t\t<\/div>\n\t\t\t\t<\/div>\n\t\t\t\t<div class=\"elementor-element elementor-element-42b63e0 elementor-widget elementor-widget-text-editor\" data-id=\"42b63e0\" data-element_type=\"widget\" data-widget_type=\"text-editor.default\">\n\t\t\t\t<div class=\"elementor-widget-container\">\n\t\t\t\t\t\t\t\t\t<h3>2. \u00c9DUCATION &#8211; JEUNESSE<\/h3><p><b>Vice-Pr\u00e9sident<\/b><strong> : Jean BOBO<\/strong><br \/>Membres titulaires : Julien BLANC &#8211; Sylvie CINQUILLI &#8211; Sandrine PORCARELLI<br \/>Membres suppl\u00e9ants : Alexa TORRES &#8211; Didier RICARD<\/p>\t\t\t\t\t\t\t\t<\/div>\n\t\t\t\t<\/div>\n\t\t\t\t<div class=\"elementor-element elementor-element-398af9d elementor-widget elementor-widget-text-editor\" data-id=\"398af9d\" data-element_type=\"widget\" data-widget_type=\"text-editor.default\">\n\t\t\t\t<div class=\"elementor-widget-container\">\n\t\t\t\t\t\t\t\t\t<h3>3. COMMUNICATION<\/h3><p><b>Vice-Pr\u00e9sident<\/b><strong> : Jean BOBO<\/strong><br \/>Membres titulaires : Andres ARCOS SANCHEZ &#8211; Fabienne JEAN &#8211; Didier RICARD<br \/>Membres suppl\u00e9ants : Sylvie CINQUILLI &#8211; Emmanuelle MONSERAT<\/p>\t\t\t\t\t\t\t\t<\/div>\n\t\t\t\t<\/div>\n\t\t\t\t<div class=\"elementor-element elementor-element-6e6b902 elementor-widget elementor-widget-text-editor\" data-id=\"6e6b902\" data-element_type=\"widget\" data-widget_type=\"text-editor.default\">\n\t\t\t\t<div class=\"elementor-widget-container\">\n\t\t\t\t\t\t\t\t\t<h3>4. TRAVAUX<\/h3><p><b>Vice-Pr\u00e9sident<\/b><strong> : Daniel MEILLAT<\/strong><br \/>Membres titulaires : Michel DECLERCK &#8211; Philippe MATRION &#8211; Didier RICARD<br \/>Membres suppl\u00e9ants : St\u00e9phane FOURCADE &#8211; Patricia MICHEL<\/p>\t\t\t\t\t\t\t\t<\/div>\n\t\t\t\t<\/div>\n\t\t\t\t<div class=\"elementor-element elementor-element-ccbe0d3 elementor-widget elementor-widget-text-editor\" data-id=\"ccbe0d3\" data-element_type=\"widget\" data-widget_type=\"text-editor.default\">\n\t\t\t\t<div class=\"elementor-widget-container\">\n\t\t\t\t\t\t\t\t\t<h3>5. CULTURE &amp; PATRIMOINE<\/h3><p><b>Vice-Pr\u00e9sident<\/b><strong> : Jean BOBO<\/strong><br \/>Membres titulaires : Aline BROVEDANI &#8211; Alexa TORRES &#8211; Emmanuelle MONSERAT<br \/>Membres suppl\u00e9ants : Sylvie CINQUILLI &#8211; Patricia MICHEL<\/p>\t\t\t\t\t\t\t\t<\/div>\n\t\t\t\t<\/div>\n\t\t\t\t<div class=\"elementor-element elementor-element-4af139d elementor-widget elementor-widget-text-editor\" data-id=\"4af139d\" data-element_type=\"widget\" data-widget_type=\"text-editor.default\">\n\t\t\t\t<div class=\"elementor-widget-container\">\n\t\t\t\t\t\t\t\t\t<h3>6. COMMERCES &#8211; ARTISANAT &#8211; AGRICULTURE<\/h3><p><b>Vice-Pr\u00e9sidente<\/b><strong> : Alexa TORRES<\/strong><br \/>Membres titulaires : St\u00e9phane CATHELAT &#8211; Julien BLANC &#8211; Patricia MICHEL<br \/>Membres suppl\u00e9ants : St\u00e9phane FOURCADE &#8211; Didier RICARD<\/p>\t\t\t\t\t\t\t\t<\/div>\n\t\t\t\t<\/div>\n\t\t\t\t<div class=\"elementor-element elementor-element-d2d65ea elementor-widget elementor-widget-text-editor\" data-id=\"d2d65ea\" data-element_type=\"widget\" data-widget_type=\"text-editor.default\">\n\t\t\t\t<div class=\"elementor-widget-container\">\n\t\t\t\t\t\t\t\t\t<h3>7. ACTION SOCIALE &#8211; LOGEMENT &#8211; ACCESSIBILIT\u00c9<\/h3><p><b>Vice-Pr\u00e9sident<\/b><strong> : St\u00e9phane CATHELAT<\/strong><br \/>Membres titulaires : Aline BROVEDANI &#8211; Alexa TORRES &#8211; Sandrine PORCARELLI<br \/>Membres suppl\u00e9ants : Andres ARCOS SANCHEZ &#8211; Patricia MICHEL<\/p>\t\t\t\t\t\t\t\t<\/div>\n\t\t\t\t<\/div>\n\t\t\t\t<\/div>\n\t\t<div class=\"elementor-element elementor-element-d2fb152 e-con-full e-flex e-con e-child\" data-id=\"d2fb152\" data-element_type=\"container\">\n\t\t\t\t<div class=\"elementor-element elementor-element-bc8b721 elementor-widget elementor-widget-text-editor\" data-id=\"bc8b721\" data-element_type=\"widget\" data-widget_type=\"text-editor.default\">\n\t\t\t\t<div class=\"elementor-widget-container\">\n\t\t\t\t\t\t\t\t\t<h3>9. PERSONNEL &#8211; ADMINISTRATION G\u00c9N\u00c9RALE<\/h3><p><b>Vice-Pr\u00e9sident<\/b><strong>e : Fabienne JEAN<\/strong><br \/>Membres titulaires : Jean BOBO &#8211; St\u00e9phane CATHELAT &#8211; Patricia MICHEL<br \/>Membres suppl\u00e9ants : St\u00e9phane FOURCADE &#8211; Didier RICARD<\/p>\t\t\t\t\t\t\t\t<\/div>\n\t\t\t\t<\/div>\n\t\t\t\t<div class=\"elementor-element elementor-element-b3ba8ed elementor-widget elementor-widget-text-editor\" data-id=\"b3ba8ed\" data-element_type=\"widget\" data-widget_type=\"text-editor.default\">\n\t\t\t\t<div class=\"elementor-widget-container\">\n\t\t\t\t\t\t\t\t\t<h3>10. F\u00caTES &amp; C\u00c9R\u00c9MONIES &#8211; VIE ASSOCIATIVE<\/h3><p>Membres titulaires : Sylvie CINQUILLI &#8211; Alexa TORRES &#8211; Andres ARCOS SANCHEZ &#8211; Emmanuelle MONSERAT<br \/>Membres suppl\u00e9ants : Fabienne JEAN &#8211; Patricia MICHEL<\/p>\t\t\t\t\t\t\t\t<\/div>\n\t\t\t\t<\/div>\n\t\t\t\t<div class=\"elementor-element elementor-element-6140abf elementor-widget elementor-widget-text-editor\" data-id=\"6140abf\" data-element_type=\"widget\" data-widget_type=\"text-editor.default\">\n\t\t\t\t<div class=\"elementor-widget-container\">\n\t\t\t\t\t\t\t\t\t<h3>8. S\u00c9CURIT\u00c9 &#8211; D\u00c9MOCRATIE LOCALE<\/h3><p><b>Vice-Pr\u00e9sidente<\/b><strong> : Fabienne JEAN<\/strong><br \/>Membres titulaires : Daniel MEILLAT &#8211; St\u00e9phane CATHELAT &#8211; Didier RICARD<br \/>Membres suppl\u00e9ants : Alexa TORRES &#8211; Emmanuelle MONSERAT<\/p>\t\t\t\t\t\t\t\t<\/div>\n\t\t\t\t<\/div>\n\t\t\t\t<div class=\"elementor-element elementor-element-36d7d07 elementor-widget elementor-widget-text-editor\" data-id=\"36d7d07\" data-element_type=\"widget\" data-widget_type=\"text-editor.default\">\n\t\t\t\t<div class=\"elementor-widget-container\">\n\t\t\t\t\t\t\t\t\t<h3>11. ENVIRONNEMENT<\/h3><p><b>Vice-Pr\u00e9sident<\/b><strong>e : Sylvie CINQUILLI<\/strong><br \/>Membres titulaires : Alexa TORRES &#8211; St\u00e9phane FOURCADE &#8211; Patricia MICHEL<br \/>Membres suppl\u00e9ants : Philippe MATRION &#8211; Sandrine PORCARELLI<\/p>\t\t\t\t\t\t\t\t<\/div>\n\t\t\t\t<\/div>\n\t\t\t\t<div class=\"elementor-element elementor-element-7514f1e elementor-widget elementor-widget-text-editor\" data-id=\"7514f1e\" data-element_type=\"widget\" data-widget_type=\"text-editor.default\">\n\t\t\t\t<div class=\"elementor-widget-container\">\n\t\t\t\t\t\t\t\t\t<h3>12. URBANISME<\/h3><p><b>Vice-Pr\u00e9sident<\/b><strong> : Philippe MATRION<\/strong><br \/>Membres titulaires : Daniel MEILLAT &#8211; Aline BROVEDANI &#8211; Didier RICARD<br \/>Membres suppl\u00e9ants : Sylvie CINQUILLI &#8211; Emmanuelle MONSERAT<\/p>\t\t\t\t\t\t\t\t<\/div>\n\t\t\t\t<\/div>\n\t\t\t\t<div class=\"elementor-element elementor-element-d7b22a7 elementor-widget elementor-widget-text-editor\" data-id=\"d7b22a7\" data-element_type=\"widget\" data-widget_type=\"text-editor.default\">\n\t\t\t\t<div class=\"elementor-widget-container\">\n\t\t\t\t\t\t\t\t\t<h3>COMMISSION D&rsquo;APPEL D&rsquo;OFFRE<\/h3><p>Membres titulaires : St\u00e9phane FOURCADE &#8211; Jean BOBO &#8211; Patricia MICHEL<br \/>Membres suppl\u00e9ants : St\u00e9phane CATHELAT &#8211; Aline BROVEDANI &#8211; Simone MOLINER<\/p><h3>COMMISSION COMMUNALE DES IMP\u00d4TS DIRECTS<\/h3><p>Membres titulaires : ARNOUX Caroline<em> &#8211;<\/em> BOBO Jean &#8211; BROVEDANI Aline &#8211; CATHELAT St\u00e9phane &#8211; CINQUILLI Sylvie<br \/>Membres suppl\u00e9ants : MATRION Philippe &#8211; MEILLAT Daniel &#8211; MICHEL Patricia &#8211; TORRES Alexa<\/p><p><em><strong>Correspondante Incendie et Secours :<\/strong><\/em> Fabienne JEAN<\/p><p><em><strong>R\u00e9f\u00e9rent s\u00e9curit\u00e9 routi\u00e8re :<\/strong><\/em> Daniel MEILLAT<\/p>\t\t\t\t\t\t\t\t<\/div>\n\t\t\t\t<\/div>\n\t\t\t\t<\/div>\n\t\t\t\t<\/div>\n\t\t\t\t\t<\/div>\n\t\t\t\t<\/div>\n\t\t<div class=\"elementor-element elementor-element-5df77f72 e-con-full e-flex e-con e-parent\" data-id=\"5df77f72\" data-element_type=\"container\" data-settings=\"{&quot;background_background&quot;:&quot;classic&quot;,&quot;shape_divider_top&quot;:&quot;triangle-asymmetrical&quot;,&quot;shape_divider_top_negative&quot;:&quot;yes&quot;,&quot;shape_divider_bottom&quot;:&quot;triangle-asymmetrical&quot;,&quot;shape_divider_bottom_negative&quot;:&quot;yes&quot;}\">\n\t\t\t\t<div class=\"elementor-shape elementor-shape-top\" aria-hidden=\"true\" data-negative=\"true\">\n\t\t\t<svg xmlns=\"http:\/\/www.w3.org\/2000\/svg\" viewBox=\"0 0 1000 100\" preserveAspectRatio=\"none\">\n\t<path class=\"elementor-shape-fill\" d=\"M737.9,94.7L0,0v100h1000V0L737.9,94.7z\"\/>\n<\/svg>\t\t<\/div>\n\t\t\t\t<div class=\"elementor-shape elementor-shape-bottom\" aria-hidden=\"true\" data-negative=\"true\">\n\t\t\t<svg xmlns=\"http:\/\/www.w3.org\/2000\/svg\" viewBox=\"0 0 1000 100\" preserveAspectRatio=\"none\">\n\t<path class=\"elementor-shape-fill\" d=\"M737.9,94.7L0,0v100h1000V0L737.9,94.7z\"\/>\n<\/svg>\t\t<\/div>\n\t\t<div class=\"elementor-element elementor-element-12da0354 marianne e-flex e-con-boxed e-con e-child\" data-id=\"12da0354\" data-element_type=\"container\">\n\t\t\t\t\t<div class=\"e-con-inner\">\n\t\t\t\t<div class=\"elementor-element elementor-element-149e8cc1 elementor-widget elementor-widget-heading\" data-id=\"149e8cc1\" data-element_type=\"widget\" data-widget_type=\"heading.default\">\n\t\t\t\t<div class=\"elementor-widget-container\">\n\t\t\t\t\t<h2 class=\"elementor-heading-title elementor-size-default\">Finances : impositions 2024<\/h2>\t\t\t\t<\/div>\n\t\t\t\t<\/div>\n\t\t<div class=\"elementor-element elementor-element-7a877f7 e-con-full e-flex e-con e-child\" data-id=\"7a877f7\" data-element_type=\"container\">\n\t\t\t\t<div class=\"elementor-element elementor-element-50b82f7 elementor-widget-tablet__width-initial elementor-widget elementor-widget-counter\" data-id=\"50b82f7\" data-element_type=\"widget\" data-widget_type=\"counter.default\">\n\t\t\t\t<div class=\"elementor-widget-container\">\n\t\t\t\t\t\t\t<div class=\"elementor-counter\">\n\t\t\t<span class=\"elementor-counter-title\">Taxe fonci\u00e8re b\u00e2ti<\/span>\t\t\t<div class=\"elementor-counter-number-wrapper\">\n\t\t\t\t<span class=\"elementor-counter-number-prefix\"><\/span>\n\t\t\t\t<span class=\"elementor-counter-number\" data-duration=\"2000\" data-to-value=\"41.49\" data-from-value=\"100\">100<\/span>\n\t\t\t\t<span class=\"elementor-counter-number-suffix\">%<\/span>\n\t\t\t<\/div>\n\t\t<\/div>\n\t\t\t\t\t\t<\/div>\n\t\t\t\t<\/div>\n\t\t\t\t<div class=\"elementor-element elementor-element-3d58913b elementor-widget-tablet__width-initial elementor-widget elementor-widget-counter\" data-id=\"3d58913b\" data-element_type=\"widget\" data-widget_type=\"counter.default\">\n\t\t\t\t<div class=\"elementor-widget-container\">\n\t\t\t\t\t\t\t<div class=\"elementor-counter\">\n\t\t\t<span class=\"elementor-counter-title\">Taxe fonci\u00e8re non b\u00e2ti<\/span>\t\t\t<div class=\"elementor-counter-number-wrapper\">\n\t\t\t\t<span class=\"elementor-counter-number-prefix\"><\/span>\n\t\t\t\t<span class=\"elementor-counter-number\" data-duration=\"2000\" data-to-value=\"70.02\" data-from-value=\"100\">100<\/span>\n\t\t\t\t<span class=\"elementor-counter-number-suffix\">%<\/span>\n\t\t\t<\/div>\n\t\t<\/div>\n\t\t\t\t\t\t<\/div>\n\t\t\t\t<\/div>\n\t\t\t\t<div class=\"elementor-element elementor-element-7a5c488 elementor-widget-tablet__width-initial elementor-widget elementor-widget-counter\" data-id=\"7a5c488\" data-element_type=\"widget\" data-widget_type=\"counter.default\">\n\t\t\t\t<div class=\"elementor-widget-container\">\n\t\t\t\t\t\t\t<div class=\"elementor-counter\">\n\t\t\t<span class=\"elementor-counter-title\">Taxe d'habitation<\/span>\t\t\t<div class=\"elementor-counter-number-wrapper\">\n\t\t\t\t<span class=\"elementor-counter-number-prefix\"><\/span>\n\t\t\t\t<span class=\"elementor-counter-number\" data-duration=\"2000\" data-to-value=\"13.56\" data-from-value=\"100\">100<\/span>\n\t\t\t\t<span class=\"elementor-counter-number-suffix\">%<\/span>\n\t\t\t<\/div>\n\t\t<\/div>\n\t\t\t\t\t\t<\/div>\n\t\t\t\t<\/div>\n\t\t\t\t<\/div>\n\t\t\t\t\t<\/div>\n\t\t\t\t<\/div>\n\t\t\t\t<\/div>\n\t\t<div class=\"elementor-element elementor-element-7ce08a62 traits e-flex e-con-boxed e-con e-parent\" data-id=\"7ce08a62\" data-element_type=\"container\">\n\t\t\t\t\t<div class=\"e-con-inner\">\n\t\t\t\t<div class=\"elementor-element elementor-element-4a3c467 elementor-widget elementor-widget-heading\" data-id=\"4a3c467\" data-element_type=\"widget\" data-widget_type=\"heading.default\">\n\t\t\t\t<div class=\"elementor-widget-container\">\n\t\t\t\t\t<h2 class=\"elementor-heading-title elementor-size-default\">Syndicats Intercommunaux<\/h2>\t\t\t\t<\/div>\n\t\t\t\t<\/div>\n\t\t<div class=\"elementor-element elementor-element-6b548ba e-con-full e-flex e-con e-child\" data-id=\"6b548ba\" data-element_type=\"container\">\n\t\t\t\t<div class=\"elementor-element elementor-element-90e742b elementor-widget elementor-widget-text-editor\" data-id=\"90e742b\" data-element_type=\"widget\" data-widget_type=\"text-editor.default\">\n\t\t\t\t<div class=\"elementor-widget-container\">\n\t\t\t\t\t\t\t\t\t<h3>COMMUNAUT\u00c9 DE COMMUNES DES ASPRES<\/h3><div>Conseillers communautaires : Philippe XANCHO &#8211; Fabienne JEAN<\/div><div>\u00a0<\/div><h3>SYNDICAT MIXTE FERM\u00c9 DES ASPRES<\/h3><div>D\u00e9l\u00e9gu\u00e9s titulaires : Philippe XANCHO &#8211; Jean BOBO<br \/>D\u00e9l\u00e9gu\u00e9e suppl\u00e9ante : Fabienne JEAN<\/div><div>\u00a0<\/div><h3>SMIGATA (SIVU DU TECH)<\/h3><div>D\u00e9l\u00e9gu\u00e9e titulaire : Fabienne JEAN<br \/>D\u00e9l\u00e9gu\u00e9s suppl\u00e9ants : Daniel MEILLAT &#8211; Philippe XANCHO<\/div><div>\u00a0<\/div><h3>SYDEEL 66<\/h3><div>D\u00e9l\u00e9gu\u00e9 titulaire\u00a0: Philippe XANCHO<br \/>D\u00e9l\u00e9gu\u00e9 suppl\u00e9ant\u00a0: Daniel MEILLAT<\/div><div>\u00a0<\/div><h3>SIOCCAT<\/h3><div>D\u00e9l\u00e9gu\u00e9 titulaire : Jean BOBO<\/div><div>\u00a0<\/div><h3>CORRESPONDANTE D\u00c9FENSE<\/h3><div>Correspondante : Fabienne JEAN<\/div><div>\u00a0<\/div><h3>CORRESPONDANTE TEMP\u00caTE<\/h3><div>Correspondante : Fabienne JEAN<\/div><div>\u00a0<\/div><h3>CORRESPONDANTE INCENDIE ET SECOURS<\/h3><div>Correspondante : Fabienne JEAN<\/div><div>\u00a0<\/div><div>\u00a0<\/div><div>\u00a0<\/div><div>\u00a0<\/div><div>\u00a0<\/div>\t\t\t\t\t\t\t\t<\/div>\n\t\t\t\t<\/div>\n\t\t\t\t<div class=\"elementor-element elementor-element-80e4937 elementor-widget elementor-widget-image\" data-id=\"80e4937\" data-element_type=\"widget\" data-widget_type=\"image.default\">\n\t\t\t\t<div class=\"elementor-widget-container\">\n\t\t\t\t\t\t\t\t\t\t\t\t\t\t\t<img fetchpriority=\"high\" decoding=\"async\" width=\"768\" height=\"514\" src=\"https:\/\/saintjeanlasseille.site-internet-net.fr\/wp-content\/uploads\/2024\/07\/meeting-4156014_1920-768x514.jpg\" class=\"attachment-medium_large size-medium_large wp-image-651\" alt=\"\" srcset=\"https:\/\/saintjeanlasseille.site-internet-net.fr\/wp-content\/uploads\/2024\/07\/meeting-4156014_1920-768x514.jpg 768w, https:\/\/saintjeanlasseille.site-internet-net.fr\/wp-content\/uploads\/2024\/07\/meeting-4156014_1920-300x201.jpg 300w, https:\/\/saintjeanlasseille.site-internet-net.fr\/wp-content\/uploads\/2024\/07\/meeting-4156014_1920-1024x685.jpg 1024w, https:\/\/saintjeanlasseille.site-internet-net.fr\/wp-content\/uploads\/2024\/07\/meeting-4156014_1920-1536x1028.jpg 1536w, https:\/\/saintjeanlasseille.site-internet-net.fr\/wp-content\/uploads\/2024\/07\/meeting-4156014_1920.jpg 1920w\" sizes=\"(max-width: 768px) 100vw, 768px\" \/>\t\t\t\t\t\t\t\t\t\t\t\t\t\t\t<\/div>\n\t\t\t\t<\/div>\n\t\t\t\t<\/div>\n\t\t\t\t<div class=\"elementor-element elementor-element-de07045 elementor-widget elementor-widget-text-editor\" data-id=\"de07045\" data-element_type=\"widget\" data-widget_type=\"text-editor.default\">\n\t\t\t\t<div class=\"elementor-widget-container\">\n\t\t\t\t\t\t\t\t\t<p><em><strong>* <u>Communaut\u00e9 de Communes des Aspres<\/u><\/strong><strong>\u00a0(EPCI)<\/strong><br \/>Statut Juridique\u00a0: Etablissement Public de Coop\u00e9ration Intercommunale (EPCI)<br \/>Ce sont aujourd\u2019hui 19 communes qui partagent de nombreux services et un projet de d\u00e9veloppement harmonieux. C&rsquo;est dans cet esprit de solidarit\u00e9 et de confiance en l&rsquo;avenir, qu&rsquo;avec tous les Maires et les \u00e9lus communautaires, elles \u0153uvrent au service des citoyennes et des citoyens de notre territoire.<\/em><\/p><p><em><strong>** <u>Le syndicat mixte ferm\u00e9 (SMF)<\/u><\/strong><u>\u00a0<strong>des Aspres<\/strong><\/u><br \/>Il a en charge la cr\u00e9ation et l\u2019entretien des voiries communales.<\/em><\/p><p><strong>***\u00a0<u>Le syndicat \u00e0 vocation unique\u00a0<\/u><\/strong><u><strong>(SIVU) du Tech<\/strong><\/u><br \/>C\u2019est un regroupement de communes arros\u00e9es par la rivi\u00e8re Le Tech. Nous sommes au titre des communes affluents. Il s\u2019agit de l\u2019entretien de la rivi\u00e8re du Tech, au travers du SAGE\u00a0: Sch\u00e9ma d\u2019Am\u00e9nagement et de la Gestion de l\u2019Eau \u2013 d\u00e9broussaillage \u2013 \u00e9cobuage.<\/p><p><strong>****\u00a0<u>Syndicat d\u00e9partemental d&rsquo;\u00e9nergies et d&rsquo;\u00e9lectricit\u00e9<\/u> (SYDEEL)<\/strong><br \/>Comp\u00e9tence\u00a0: Mise en discr\u00e9tion des lignes \u00e9lectriques + \u00e9clairage public.<\/p><p><em><strong>*****\u00a0<u>Sch\u00e9ma de COh\u00e9rence Territoriale (SCOT) &#8211;\u00a0Plaine du Roussillon <\/u><\/strong><br \/>Plan local d\u2019urbanisme. Il donne son v\u00e9to lors de l\u2019implantation de grandes surfaces. Urbanisme en g\u00e9n\u00e9ral. Ex.\u00a0: nombre de parcelles \u00e0 l\u2019hectare \u2013 quantit\u00e9 de zonage.<\/em><\/p>\t\t\t\t\t\t\t\t<\/div>\n\t\t\t\t<\/div>\n\t\t\t\t\t<\/div>\n\t\t\t\t<\/div>\n\t\t\t\t<\/div>\n\t\t","protected":false},"excerpt":{"rendered":"<p>Le conseil municipal La pr\u00e9sidence de chaque commission est assur\u00e9e parMonsieur le Maire, Philippe XANCHO. Commissions Municipales 1. FINANCES Vice-Pr\u00e9sident : St\u00e9phane FOURCADEMembres titulaires : Jean BOBO &#8211; Fabienne JEAN &#8211; Didier RICARDMembres suppl\u00e9ants : St\u00e9phane CATHELAT &#8211; Emmanuelle MONSERAT 2. \u00c9DUCATION &#8211; JEUNESSE Vice-Pr\u00e9sident : Jean BOBOMembres titulaires : Julien BLANC &#8211; Sylvie CINQUILLI [&hellip;]<\/p>\n","protected":false},"author":2,"featured_media":0,"parent":0,"menu_order":0,"comment_status":"closed","ping_status":"closed","template":"","meta":{"footnotes":""},"class_list":["post-23","page","type-page","status-publish","hentry"],"_links":{"self":[{"href":"https:\/\/saintjeanlasseille.site-internet-net.fr\/index.php?rest_route=\/wp\/v2\/pages\/23"}],"collection":[{"href":"https:\/\/saintjeanlasseille.site-internet-net.fr\/index.php?rest_route=\/wp\/v2\/pages"}],"about":[{"href":"https:\/\/saintjeanlasseille.site-internet-net.fr\/index.php?rest_route=\/wp\/v2\/types\/page"}],"author":[{"embeddable":true,"href":"https:\/\/saintjeanlasseille.site-internet-net.fr\/index.php?rest_route=\/wp\/v2\/users\/2"}],"replies":[{"embeddable":true,"href":"https:\/\/saintjeanlasseille.site-internet-net.fr\/index.php?rest_route=%2Fwp%2Fv2%2Fcomments&post=23"}],"version-history":[{"count":64,"href":"https:\/\/saintjeanlasseille.site-internet-net.fr\/index.php?rest_route=\/wp\/v2\/pages\/23\/revisions"}],"predecessor-version":[{"id":1687,"href":"https:\/\/saintjeanlasseille.site-internet-net.fr\/index.php?rest_route=\/wp\/v2\/pages\/23\/revisions\/1687"}],"wp:attachment":[{"href":"https:\/\/saintjeanlasseille.site-internet-net.fr\/index.php?rest_route=%2Fwp%2Fv2%2Fmedia&parent=23"}],"curies":[{"name":"wp","href":"https:\/\/api.w.org\/{rel}","templated":true}]}}