{"id":25,"date":"2024-06-19T15:44:06","date_gmt":"2024-06-19T13:44:06","guid":{"rendered":"https:\/\/saintjeanlasseille.site-internet-net.fr\/?page_id=25"},"modified":"2024-07-27T12:30:35","modified_gmt":"2024-07-27T10:30:35","slug":"les-equipes","status":"publish","type":"page","link":"https:\/\/saintjeanlasseille.site-internet-net.fr\/?page_id=25","title":{"rendered":"Les \u00e9quipes"},"content":{"rendered":"\t\t<div data-elementor-type=\"wp-page\" data-elementor-id=\"25\" class=\"elementor elementor-25\" data-elementor-post-type=\"page\">\n\t\t\t\t<div class=\"elementor-element elementor-element-608fbc4b e-flex e-con-boxed e-con e-parent\" data-id=\"608fbc4b\" data-element_type=\"container\" data-settings=\"{&quot;background_background&quot;:&quot;classic&quot;}\">\n\t\t\t\t\t<div class=\"e-con-inner\">\n\t\t<div class=\"elementor-element elementor-element-414ced9f e-con-full e-flex e-con e-child\" data-id=\"414ced9f\" data-element_type=\"container\">\n\t\t\t\t<div class=\"elementor-element elementor-element-63f71cfa elementor-widget elementor-widget-heading\" data-id=\"63f71cfa\" data-element_type=\"widget\" data-widget_type=\"heading.default\">\n\t\t\t\t<div class=\"elementor-widget-container\">\n\t\t\t\t\t<h1 class=\"elementor-heading-title elementor-size-default\">Les \u00e9quipes<\/h1>\t\t\t\t<\/div>\n\t\t\t\t<\/div>\n\t\t\t\t<\/div>\n\t\t\t\t\t<\/div>\n\t\t\t\t<\/div>\n\t\t<div class=\"elementor-element elementor-element-5b6bd1ea e-con-full e-flex e-con e-parent\" data-id=\"5b6bd1ea\" data-element_type=\"container\" data-settings=\"{&quot;background_background&quot;:&quot;classic&quot;}\">\n\t\t<div class=\"elementor-element elementor-element-94e229c marianne e-flex e-con-boxed e-con e-child\" data-id=\"94e229c\" data-element_type=\"container\" data-settings=\"{&quot;background_background&quot;:&quot;classic&quot;,&quot;shape_divider_bottom&quot;:&quot;triangle-asymmetrical&quot;,&quot;shape_divider_bottom_negative&quot;:&quot;yes&quot;}\">\n\t\t\t\t\t<div class=\"e-con-inner\">\n\t\t\t\t<div class=\"elementor-shape elementor-shape-bottom\" aria-hidden=\"true\" data-negative=\"true\">\n\t\t\t<svg xmlns=\"http:\/\/www.w3.org\/2000\/svg\" viewBox=\"0 0 1000 100\" preserveAspectRatio=\"none\">\n\t<path class=\"elementor-shape-fill\" d=\"M737.9,94.7L0,0v100h1000V0L737.9,94.7z\"\/>\n<\/svg>\t\t<\/div>\n\t\t\t\t<div class=\"elementor-element elementor-element-3678225 elementor-widget__width-initial elementor-widget elementor-widget-text-editor\" data-id=\"3678225\" data-element_type=\"widget\" data-widget_type=\"text-editor.default\">\n\t\t\t\t<div class=\"elementor-widget-container\">\n\t\t\t\t\t\t\t\t\t<p>Notre \u00e9quipe d\u00e9vou\u00e9e de <em>personnel municipal et nos \u00e9lus travaillent ensemble<\/em> pour garantir un environnement prosp\u00e8re et harmonieux <em>pour tous nos citoyens<\/em>. <br \/>Nous vous les pr\u00e9sentons ici.<\/p>\t\t\t\t\t\t\t\t<\/div>\n\t\t\t\t<\/div>\n\t\t\t\t\t<\/div>\n\t\t\t\t<\/div>\n\t\t\t\t<\/div>\n\t\t<div class=\"elementor-element elementor-element-16ab03af traits e-flex e-con-boxed e-con e-parent\" data-id=\"16ab03af\" data-element_type=\"container\">\n\t\t\t\t\t<div class=\"e-con-inner\">\n\t\t\t\t<div class=\"elementor-element elementor-element-4c2632f7 elementor-widget elementor-widget-heading\" data-id=\"4c2632f7\" data-element_type=\"widget\" data-widget_type=\"heading.default\">\n\t\t\t\t<div class=\"elementor-widget-container\">\n\t\t\t\t\t<h2 class=\"elementor-heading-title elementor-size-default\">Les \u00e9lus<\/h2>\t\t\t\t<\/div>\n\t\t\t\t<\/div>\n\t\t<div class=\"elementor-element elementor-element-45614e25 e-con-full e-flex e-con e-child\" data-id=\"45614e25\" data-element_type=\"container\">\n\t\t<div class=\"elementor-element elementor-element-4e9b2cf5 e-con-full e-flex e-con e-child\" data-id=\"4e9b2cf5\" data-element_type=\"container\">\n\t\t\t\t<div class=\"elementor-element elementor-element-b738c76 elementor-widget elementor-widget-text-editor\" data-id=\"b738c76\" data-element_type=\"widget\" data-widget_type=\"text-editor.default\">\n\t\t\t\t<div class=\"elementor-widget-container\">\n\t\t\t\t\t\t\t\t\t<h3>LE MAIRE<\/h3><p>Philippe XANCHO<\/p><h3>LES ADJOINTS<\/h3><p>1er Adjoint : Jean BOBO<br \/>2\u00e8me Adjointe : Fabienne JEAN<br \/>3\u00e8me Adjoint : Daniel MEILLAT<br \/>4\u00e8me Adjointe : Alexa TORRES<br \/>5\u00e8me Adjoint : St\u00e9phane CATHELAT<\/p><h3>CONSEILLERS MUNICIPAUX<\/h3><p>Michel DECLERCK<br \/>Philippe MATRION<br \/>Sylvie CINQUILLI<br \/>St\u00e9phane FOURCADE<br \/>Aline BROVEDANI<br \/>St\u00e9phane JACQUET<br \/>Julien BLANC<br \/>Aziza ACHLOUJ<br \/>Andres ARCOS SANCHEZ<\/p><h3>CONSEILLERS MUNICIPAUX DU GROUPE DE L&rsquo;OPPOSITION<\/h3><p>Patricia MICHEL<br \/>Emmanuelle MONSERAT<br \/>Sandrine PORCARELLI<br \/>Didier RICARD<\/p>\t\t\t\t\t\t\t\t<\/div>\n\t\t\t\t<\/div>\n\t\t\t\t<\/div>\n\t\t<div class=\"elementor-element elementor-element-76b4c09a e-con-full e-flex e-con e-child\" data-id=\"76b4c09a\" data-element_type=\"container\">\n\t\t\t\t<div class=\"elementor-element elementor-element-7ae1819 elementor-widget elementor-widget-image\" data-id=\"7ae1819\" data-element_type=\"widget\" data-widget_type=\"image.default\">\n\t\t\t\t<div class=\"elementor-widget-container\">\n\t\t\t\t\t\t\t\t\t\t\t\t<figure class=\"wp-caption\">\n\t\t\t\t\t\t\t\t\t\t<img fetchpriority=\"high\" decoding=\"async\" width=\"800\" height=\"525\" src=\"https:\/\/saintjeanlasseille.site-internet-net.fr\/wp-content\/uploads\/2024\/07\/conseil-municipal.png\" class=\"attachment-large size-large wp-image-1125\" alt=\"\" srcset=\"https:\/\/saintjeanlasseille.site-internet-net.fr\/wp-content\/uploads\/2024\/07\/conseil-municipal.png 997w, https:\/\/saintjeanlasseille.site-internet-net.fr\/wp-content\/uploads\/2024\/07\/conseil-municipal-300x197.png 300w, https:\/\/saintjeanlasseille.site-internet-net.fr\/wp-content\/uploads\/2024\/07\/conseil-municipal-768x504.png 768w\" sizes=\"(max-width: 800px) 100vw, 800px\" \/>\t\t\t\t\t\t\t\t\t\t\t<figcaption class=\"widget-image-caption wp-caption-text\">Photo prise le 23.05.2020, jour de l'installation du Conseil Municipal<\/figcaption>\n\t\t\t\t\t\t\t\t\t\t<\/figure>\n\t\t\t\t\t\t\t\t\t<\/div>\n\t\t\t\t<\/div>\n\t\t\t\t<\/div>\n\t\t\t\t<\/div>\n\t\t\t\t\t<\/div>\n\t\t\t\t<\/div>\n\t\t<div class=\"elementor-element elementor-element-376fa212 e-con-full e-flex e-con e-parent\" data-id=\"376fa212\" data-element_type=\"container\" data-settings=\"{&quot;background_background&quot;:&quot;classic&quot;,&quot;shape_divider_top&quot;:&quot;triangle-asymmetrical&quot;,&quot;shape_divider_top_negative&quot;:&quot;yes&quot;,&quot;shape_divider_bottom&quot;:&quot;triangle-asymmetrical&quot;,&quot;shape_divider_bottom_negative&quot;:&quot;yes&quot;}\">\n\t\t\t\t<div class=\"elementor-shape elementor-shape-top\" aria-hidden=\"true\" data-negative=\"true\">\n\t\t\t<svg xmlns=\"http:\/\/www.w3.org\/2000\/svg\" viewBox=\"0 0 1000 100\" preserveAspectRatio=\"none\">\n\t<path class=\"elementor-shape-fill\" d=\"M737.9,94.7L0,0v100h1000V0L737.9,94.7z\"\/>\n<\/svg>\t\t<\/div>\n\t\t\t\t<div class=\"elementor-shape elementor-shape-bottom\" aria-hidden=\"true\" data-negative=\"true\">\n\t\t\t<svg xmlns=\"http:\/\/www.w3.org\/2000\/svg\" viewBox=\"0 0 1000 100\" preserveAspectRatio=\"none\">\n\t<path class=\"elementor-shape-fill\" d=\"M737.9,94.7L0,0v100h1000V0L737.9,94.7z\"\/>\n<\/svg>\t\t<\/div>\n\t\t<div class=\"elementor-element elementor-element-393ce3c7 marianne e-flex e-con-boxed e-con e-child\" data-id=\"393ce3c7\" data-element_type=\"container\">\n\t\t\t\t\t<div class=\"e-con-inner\">\n\t\t\t\t<div class=\"elementor-element elementor-element-3d8e82a3 elementor-widget elementor-widget-heading\" data-id=\"3d8e82a3\" data-element_type=\"widget\" data-widget_type=\"heading.default\">\n\t\t\t\t<div class=\"elementor-widget-container\">\n\t\t\t\t\t<h2 class=\"elementor-heading-title elementor-size-default\">Le personnel<\/h2>\t\t\t\t<\/div>\n\t\t\t\t<\/div>\n\t\t<div class=\"elementor-element elementor-element-1af38f27 e-con-full e-flex e-con e-child\" data-id=\"1af38f27\" data-element_type=\"container\">\n\t\t<div class=\"elementor-element elementor-element-f6dfea5 e-con-full e-flex e-con e-child\" data-id=\"f6dfea5\" data-element_type=\"container\">\n\t\t\t\t<div class=\"elementor-element elementor-element-b472120 elementor-widget elementor-widget-image\" data-id=\"b472120\" data-element_type=\"widget\" data-widget_type=\"image.default\">\n\t\t\t\t<div class=\"elementor-widget-container\">\n\t\t\t\t\t\t\t\t\t\t\t\t\t\t\t<img decoding=\"async\" width=\"500\" height=\"500\" src=\"https:\/\/saintjeanlasseille.site-internet-net.fr\/wp-content\/uploads\/2024\/07\/Secrtariat_2016-500x500.jpg\" class=\"attachment-thumbrelated size-thumbrelated wp-image-1126\" alt=\"\" srcset=\"https:\/\/saintjeanlasseille.site-internet-net.fr\/wp-content\/uploads\/2024\/07\/Secrtariat_2016-500x500.jpg 500w, https:\/\/saintjeanlasseille.site-internet-net.fr\/wp-content\/uploads\/2024\/07\/Secrtariat_2016-150x150.jpg 150w, https:\/\/saintjeanlasseille.site-internet-net.fr\/wp-content\/uploads\/2024\/07\/Secrtariat_2016-300x300.jpg 300w\" sizes=\"(max-width: 500px) 100vw, 500px\" \/>\t\t\t\t\t\t\t\t\t\t\t\t\t\t\t<\/div>\n\t\t\t\t<\/div>\n\t\t<div class=\"elementor-element elementor-element-c2f3e11 e-con-full e-flex e-con e-child\" data-id=\"c2f3e11\" data-element_type=\"container\">\n\t\t\t\t<div class=\"elementor-element elementor-element-8089be2 elementor-widget elementor-widget-heading\" data-id=\"8089be2\" data-element_type=\"widget\" data-widget_type=\"heading.default\">\n\t\t\t\t<div class=\"elementor-widget-container\">\n\t\t\t\t\t<h3 class=\"elementor-heading-title elementor-size-default\">Secr\u00e9tariat Mairie<\/h3>\t\t\t\t<\/div>\n\t\t\t\t<\/div>\n\t\t\t\t<div class=\"elementor-element elementor-element-f291caa elementor-widget elementor-widget-text-editor\" data-id=\"f291caa\" data-element_type=\"widget\" data-widget_type=\"text-editor.default\">\n\t\t\t\t<div class=\"elementor-widget-container\">\n\t\t\t\t\t\t\t\t\t<p><strong>Sophie FAJARDO<\/strong> (\u00e0 gauche)<br \/><em>Adjointe Administrative<\/em><br \/>tous les matins au Bureau de Poste<\/p><p><strong>Sylvie JAUBERT<\/strong> (\u00e0 droite)<br \/><em>Secr\u00e9taire<\/em><\/p>\t\t\t\t\t\t\t\t<\/div>\n\t\t\t\t<\/div>\n\t\t\t\t<\/div>\n\t\t\t\t<\/div>\n\t\t<div class=\"elementor-element elementor-element-5a71df8 e-con-full e-flex e-con e-child\" data-id=\"5a71df8\" data-element_type=\"container\">\n\t\t\t\t<div class=\"elementor-element elementor-element-6a2adee elementor-widget elementor-widget-image\" data-id=\"6a2adee\" data-element_type=\"widget\" data-widget_type=\"image.default\">\n\t\t\t\t<div class=\"elementor-widget-container\">\n\t\t\t\t\t\t\t\t\t\t\t\t\t\t\t<img decoding=\"async\" width=\"500\" height=\"500\" src=\"https:\/\/saintjeanlasseille.site-internet-net.fr\/wp-content\/uploads\/2024\/07\/Vro-Sabrina-Audrey-Ingrid-Jeanine-500x500.jpg\" class=\"attachment-thumbrelated size-thumbrelated wp-image-1127\" alt=\"\" srcset=\"https:\/\/saintjeanlasseille.site-internet-net.fr\/wp-content\/uploads\/2024\/07\/Vro-Sabrina-Audrey-Ingrid-Jeanine-500x500.jpg 500w, https:\/\/saintjeanlasseille.site-internet-net.fr\/wp-content\/uploads\/2024\/07\/Vro-Sabrina-Audrey-Ingrid-Jeanine-150x150.jpg 150w, https:\/\/saintjeanlasseille.site-internet-net.fr\/wp-content\/uploads\/2024\/07\/Vro-Sabrina-Audrey-Ingrid-Jeanine-300x300.jpg 300w\" sizes=\"(max-width: 500px) 100vw, 500px\" \/>\t\t\t\t\t\t\t\t\t\t\t\t\t\t\t<\/div>\n\t\t\t\t<\/div>\n\t\t<div class=\"elementor-element elementor-element-2d16b8c e-con-full e-flex e-con e-child\" data-id=\"2d16b8c\" data-element_type=\"container\">\n\t\t\t\t<div class=\"elementor-element elementor-element-1d1aa93 elementor-widget elementor-widget-heading\" data-id=\"1d1aa93\" data-element_type=\"widget\" data-widget_type=\"heading.default\">\n\t\t\t\t<div class=\"elementor-widget-container\">\n\t\t\t\t\t<h3 class=\"elementor-heading-title elementor-size-default\">Cantine - Garderie<\/h3>\t\t\t\t<\/div>\n\t\t\t\t<\/div>\n\t\t\t\t<div class=\"elementor-element elementor-element-08432ac elementor-widget elementor-widget-text-editor\" data-id=\"08432ac\" data-element_type=\"widget\" data-widget_type=\"text-editor.default\">\n\t\t\t\t<div class=\"elementor-widget-container\">\n\t\t\t\t\t\t\t\t\t<p><em>De gauche \u00e0 droite<\/em><\/p><p>V\u00e9ronique PENTECOTE<br \/>Sabrina ALARCON<br \/>Audrey MUNOZ<br \/>Ingrid COUDON<br \/>Janine ROBINE<\/p>\t\t\t\t\t\t\t\t<\/div>\n\t\t\t\t<\/div>\n\t\t\t\t<\/div>\n\t\t\t\t<\/div>\n\t\t<div class=\"elementor-element elementor-element-da8cf25 e-con-full e-flex e-con e-child\" data-id=\"da8cf25\" data-element_type=\"container\">\n\t\t\t\t<div class=\"elementor-element elementor-element-a0c7568 elementor-widget elementor-widget-image\" data-id=\"a0c7568\" data-element_type=\"widget\" data-widget_type=\"image.default\">\n\t\t\t\t<div class=\"elementor-widget-container\">\n\t\t\t\t\t\t\t\t\t\t\t\t\t\t\t<img loading=\"lazy\" decoding=\"async\" width=\"500\" height=\"500\" src=\"https:\/\/saintjeanlasseille.site-internet-net.fr\/wp-content\/uploads\/2024\/07\/Jeanine-Vro-Audrey-Christelle-Sylvie-Myriam-500x500.jpg\" class=\"attachment-thumbrelated size-thumbrelated wp-image-1128\" alt=\"\" srcset=\"https:\/\/saintjeanlasseille.site-internet-net.fr\/wp-content\/uploads\/2024\/07\/Jeanine-Vro-Audrey-Christelle-Sylvie-Myriam-500x500.jpg 500w, https:\/\/saintjeanlasseille.site-internet-net.fr\/wp-content\/uploads\/2024\/07\/Jeanine-Vro-Audrey-Christelle-Sylvie-Myriam-150x150.jpg 150w, https:\/\/saintjeanlasseille.site-internet-net.fr\/wp-content\/uploads\/2024\/07\/Jeanine-Vro-Audrey-Christelle-Sylvie-Myriam-300x300.jpg 300w\" sizes=\"(max-width: 500px) 100vw, 500px\" \/>\t\t\t\t\t\t\t\t\t\t\t\t\t\t\t<\/div>\n\t\t\t\t<\/div>\n\t\t<div class=\"elementor-element elementor-element-3868c80 e-con-full e-flex e-con e-child\" data-id=\"3868c80\" data-element_type=\"container\">\n\t\t\t\t<div class=\"elementor-element elementor-element-095d7da elementor-widget elementor-widget-heading\" data-id=\"095d7da\" data-element_type=\"widget\" data-widget_type=\"heading.default\">\n\t\t\t\t<div class=\"elementor-widget-container\">\n\t\t\t\t\t<h3 class=\"elementor-heading-title elementor-size-default\">Garderie<\/h3>\t\t\t\t<\/div>\n\t\t\t\t<\/div>\n\t\t\t\t<div class=\"elementor-element elementor-element-f04cd29 elementor-widget elementor-widget-text-editor\" data-id=\"f04cd29\" data-element_type=\"widget\" data-widget_type=\"text-editor.default\">\n\t\t\t\t<div class=\"elementor-widget-container\">\n\t\t\t\t\t\t\t\t\t<p><em>De gauche \u00e0 droite<\/em><\/p><p>Janine ROBINE<br \/>V\u00e9ronique PENTECOTE <br \/>Audrey MUNOZ<br \/>Christelle BELABASSI<br \/>Sylvie BELZUNCE<\/p>\t\t\t\t\t\t\t\t<\/div>\n\t\t\t\t<\/div>\n\t\t\t\t<\/div>\n\t\t\t\t<\/div>\n\t\t<div class=\"elementor-element elementor-element-350c703 e-con-full e-flex e-con e-child\" data-id=\"350c703\" data-element_type=\"container\">\n\t\t\t\t<div class=\"elementor-element elementor-element-09c419e elementor-widget elementor-widget-image\" data-id=\"09c419e\" data-element_type=\"widget\" data-widget_type=\"image.default\">\n\t\t\t\t<div class=\"elementor-widget-container\">\n\t\t\t\t\t\t\t\t\t\t\t\t\t\t\t<img loading=\"lazy\" decoding=\"async\" width=\"500\" height=\"500\" src=\"https:\/\/saintjeanlasseille.site-internet-net.fr\/wp-content\/uploads\/2024\/07\/IMG_20191025_143528-500x500.jpg\" class=\"attachment-thumbrelated size-thumbrelated wp-image-1129\" alt=\"\" srcset=\"https:\/\/saintjeanlasseille.site-internet-net.fr\/wp-content\/uploads\/2024\/07\/IMG_20191025_143528-500x500.jpg 500w, https:\/\/saintjeanlasseille.site-internet-net.fr\/wp-content\/uploads\/2024\/07\/IMG_20191025_143528-150x150.jpg 150w, https:\/\/saintjeanlasseille.site-internet-net.fr\/wp-content\/uploads\/2024\/07\/IMG_20191025_143528-300x300.jpg 300w\" sizes=\"(max-width: 500px) 100vw, 500px\" \/>\t\t\t\t\t\t\t\t\t\t\t\t\t\t\t<\/div>\n\t\t\t\t<\/div>\n\t\t<div class=\"elementor-element elementor-element-e608675 e-con-full e-flex e-con e-child\" data-id=\"e608675\" data-element_type=\"container\">\n\t\t\t\t<div class=\"elementor-element elementor-element-0dbe4de elementor-widget elementor-widget-heading\" data-id=\"0dbe4de\" data-element_type=\"widget\" data-widget_type=\"heading.default\">\n\t\t\t\t<div class=\"elementor-widget-container\">\n\t\t\t\t\t<h3 class=\"elementor-heading-title elementor-size-default\">Employ\u00e9s communaux<\/h3>\t\t\t\t<\/div>\n\t\t\t\t<\/div>\n\t\t\t\t<div class=\"elementor-element elementor-element-ae8a799 elementor-widget elementor-widget-text-editor\" data-id=\"ae8a799\" data-element_type=\"widget\" data-widget_type=\"text-editor.default\">\n\t\t\t\t<div class=\"elementor-widget-container\">\n\t\t\t\t\t\t\t\t\t<p><em>De gauche \u00e0 droite<\/em><\/p><p>Pascal LOPEZ <br \/>Richard ESPOSITO<br \/>Benjamin COUSIN<\/p>\t\t\t\t\t\t\t\t<\/div>\n\t\t\t\t<\/div>\n\t\t\t\t<\/div>\n\t\t\t\t<\/div>\n\t\t<div class=\"elementor-element elementor-element-c4524d7 e-con-full e-flex e-con e-child\" data-id=\"c4524d7\" data-element_type=\"container\">\n\t\t\t\t<div class=\"elementor-element elementor-element-b352488 elementor-widget elementor-widget-image\" data-id=\"b352488\" data-element_type=\"widget\" data-widget_type=\"image.default\">\n\t\t\t\t<div class=\"elementor-widget-container\">\n\t\t\t\t\t\t\t\t\t\t\t\t\t\t\t<img loading=\"lazy\" decoding=\"async\" width=\"436\" height=\"500\" src=\"https:\/\/saintjeanlasseille.site-internet-net.fr\/wp-content\/uploads\/2024\/07\/ripoll-e1721812191916-436x500.png\" class=\"attachment-thumbrelated size-thumbrelated wp-image-1130\" alt=\"\" \/>\t\t\t\t\t\t\t\t\t\t\t\t\t\t\t<\/div>\n\t\t\t\t<\/div>\n\t\t<div class=\"elementor-element elementor-element-d54198a e-con-full e-flex e-con e-child\" data-id=\"d54198a\" data-element_type=\"container\">\n\t\t\t\t<div class=\"elementor-element elementor-element-178b761 elementor-widget elementor-widget-heading\" data-id=\"178b761\" data-element_type=\"widget\" data-widget_type=\"heading.default\">\n\t\t\t\t<div class=\"elementor-widget-container\">\n\t\t\t\t\t<h3 class=\"elementor-heading-title elementor-size-default\"> S\u00e9curit\u00e9<\/h3>\t\t\t\t<\/div>\n\t\t\t\t<\/div>\n\t\t\t\t<div class=\"elementor-element elementor-element-6f33cc9 elementor-widget elementor-widget-text-editor\" data-id=\"6f33cc9\" data-element_type=\"widget\" data-widget_type=\"text-editor.default\">\n\t\t\t\t<div class=\"elementor-widget-container\">\n\t\t\t\t\t\t\t\t\t<p><strong>Micka\u00ebl RIPOLL<\/strong> <br \/><em>Gardien-brigadier<\/em> <br \/>07 50 65 45 47<\/p>\t\t\t\t\t\t\t\t<\/div>\n\t\t\t\t<\/div>\n\t\t\t\t<\/div>\n\t\t\t\t<\/div>\n\t\t\t\t<\/div>\n\t\t\t\t\t<\/div>\n\t\t\t\t<\/div>\n\t\t\t\t<\/div>\n\t\t<div class=\"elementor-element elementor-element-d34056c e-flex e-con-boxed e-con e-parent\" data-id=\"d34056c\" data-element_type=\"container\">\n\t\t\t\t\t<div class=\"e-con-inner\">\n\t\t\t\t<div class=\"elementor-element elementor-element-98fa849 elementor-widget elementor-widget-text-editor\" data-id=\"98fa849\" data-element_type=\"widget\" data-widget_type=\"text-editor.default\">\n\t\t\t\t<div class=\"elementor-widget-container\">\n\t\t\t\t\t\t\t\t\t<p>Pour joindre les diff\u00e9rents services, les permanences et le personnel, rendez-vous \u00e0 la rubrique <strong>CONTACT<br \/><\/strong>ou passer par notre formulaire en ligne.<\/p>\t\t\t\t\t\t\t\t<\/div>\n\t\t\t\t<\/div>\n\t\t\t\t<div class=\"elementor-element elementor-element-e7a4985 elementor-align-center elementor-widget elementor-widget-button\" data-id=\"e7a4985\" data-element_type=\"widget\" data-widget_type=\"button.default\">\n\t\t\t\t<div class=\"elementor-widget-container\">\n\t\t\t\t\t\t\t\t\t<div class=\"elementor-button-wrapper\">\n\t\t\t\t\t<a class=\"elementor-button elementor-size-sm\" role=\"button\">\n\t\t\t\t\t\t<span class=\"elementor-button-content-wrapper\">\n\t\t\t\t\t\t\t\t\t<span class=\"elementor-button-text\">Contacter les services<\/span>\n\t\t\t\t\t<\/span>\n\t\t\t\t\t<\/a>\n\t\t\t\t<\/div>\n\t\t\t\t\t\t\t\t<\/div>\n\t\t\t\t<\/div>\n\t\t\t\t\t<\/div>\n\t\t\t\t<\/div>\n\t\t\t\t<\/div>\n\t\t","protected":false},"excerpt":{"rendered":"<p>Les \u00e9quipes Notre \u00e9quipe d\u00e9vou\u00e9e de personnel municipal et nos \u00e9lus travaillent ensemble pour garantir un environnement prosp\u00e8re et harmonieux pour tous nos citoyens. Nous vous les pr\u00e9sentons ici. Les \u00e9lus LE MAIRE Philippe XANCHO LES ADJOINTS 1er Adjoint : Jean BOBO2\u00e8me Adjointe : Fabienne JEAN3\u00e8me Adjoint : Daniel MEILLAT4\u00e8me Adjointe : Alexa TORRES5\u00e8me Adjoint [&hellip;]<\/p>\n","protected":false},"author":2,"featured_media":0,"parent":0,"menu_order":0,"comment_status":"closed","ping_status":"closed","template":"","meta":{"footnotes":""},"class_list":["post-25","page","type-page","status-publish","hentry"],"_links":{"self":[{"href":"https:\/\/saintjeanlasseille.site-internet-net.fr\/index.php?rest_route=\/wp\/v2\/pages\/25"}],"collection":[{"href":"https:\/\/saintjeanlasseille.site-internet-net.fr\/index.php?rest_route=\/wp\/v2\/pages"}],"about":[{"href":"https:\/\/saintjeanlasseille.site-internet-net.fr\/index.php?rest_route=\/wp\/v2\/types\/page"}],"author":[{"embeddable":true,"href":"https:\/\/saintjeanlasseille.site-internet-net.fr\/index.php?rest_route=\/wp\/v2\/users\/2"}],"replies":[{"embeddable":true,"href":"https:\/\/saintjeanlasseille.site-internet-net.fr\/index.php?rest_route=%2Fwp%2Fv2%2Fcomments&post=25"}],"version-history":[{"count":61,"href":"https:\/\/saintjeanlasseille.site-internet-net.fr\/index.php?rest_route=\/wp\/v2\/pages\/25\/revisions"}],"predecessor-version":[{"id":1690,"href":"https:\/\/saintjeanlasseille.site-internet-net.fr\/index.php?rest_route=\/wp\/v2\/pages\/25\/revisions\/1690"}],"wp:attachment":[{"href":"https:\/\/saintjeanlasseille.site-internet-net.fr\/index.php?rest_route=%2Fwp%2Fv2%2Fmedia&parent=25"}],"curies":[{"name":"wp","href":"https:\/\/api.w.org\/{rel}","templated":true}]}}