{"id":31,"date":"2024-06-19T15:45:04","date_gmt":"2024-06-19T13:45:04","guid":{"rendered":"https:\/\/saintjeanlasseille.site-internet-net.fr\/?page_id=31"},"modified":"2024-07-27T04:32:44","modified_gmt":"2024-07-27T02:32:44","slug":"vie-associative","status":"publish","type":"page","link":"https:\/\/saintjeanlasseille.site-internet-net.fr\/?page_id=31","title":{"rendered":"Vie Associative"},"content":{"rendered":"\t\t<div data-elementor-type=\"wp-page\" data-elementor-id=\"31\" class=\"elementor elementor-31\" data-elementor-post-type=\"page\">\n\t\t\t\t<div class=\"elementor-element elementor-element-53f0daed e-flex e-con-boxed e-con e-parent\" data-id=\"53f0daed\" data-element_type=\"container\" data-settings=\"{&quot;background_background&quot;:&quot;classic&quot;}\">\n\t\t\t\t\t<div class=\"e-con-inner\">\n\t\t<div class=\"elementor-element elementor-element-3cfa3c7c e-con-full e-flex e-con e-child\" data-id=\"3cfa3c7c\" data-element_type=\"container\">\n\t\t\t\t<div class=\"elementor-element elementor-element-114f8c54 elementor-widget elementor-widget-heading\" data-id=\"114f8c54\" data-element_type=\"widget\" data-widget_type=\"heading.default\">\n\t\t\t\t<div class=\"elementor-widget-container\">\n\t\t\t\t\t<h1 class=\"elementor-heading-title elementor-size-default\">Vie associative<\/h1>\t\t\t\t<\/div>\n\t\t\t\t<\/div>\n\t\t\t\t<\/div>\n\t\t\t\t\t<\/div>\n\t\t\t\t<\/div>\n\t\t<div class=\"elementor-element elementor-element-dd9dc3b e-con-full e-flex e-con e-parent\" data-id=\"dd9dc3b\" data-element_type=\"container\" data-settings=\"{&quot;background_background&quot;:&quot;classic&quot;}\">\n\t\t<div class=\"elementor-element elementor-element-28436eb1 marianne e-flex e-con-boxed e-con e-child\" data-id=\"28436eb1\" data-element_type=\"container\" data-settings=\"{&quot;background_background&quot;:&quot;classic&quot;,&quot;shape_divider_bottom&quot;:&quot;triangle-asymmetrical&quot;,&quot;shape_divider_bottom_negative&quot;:&quot;yes&quot;}\">\n\t\t\t\t\t<div class=\"e-con-inner\">\n\t\t\t\t<div class=\"elementor-shape elementor-shape-bottom\" aria-hidden=\"true\" data-negative=\"true\">\n\t\t\t<svg xmlns=\"http:\/\/www.w3.org\/2000\/svg\" viewBox=\"0 0 1000 100\" preserveAspectRatio=\"none\">\n\t<path class=\"elementor-shape-fill\" d=\"M737.9,94.7L0,0v100h1000V0L737.9,94.7z\"\/>\n<\/svg>\t\t<\/div>\n\t\t\t\t<div class=\"elementor-element elementor-element-7e428988 elementor-widget elementor-widget-text-editor\" data-id=\"7e428988\" data-element_type=\"widget\" data-widget_type=\"text-editor.default\">\n\t\t\t\t<div class=\"elementor-widget-container\">\n\t\t\t\t\t\t\t\t\tToutes les informations<br> concernant\n<em>la vie association<\/em> et <em>collective<\/em> au sein<br> de Sain Jean Lasseille.\t\t\t\t\t\t\t\t<\/div>\n\t\t\t\t<\/div>\n\t\t\t\t\t<\/div>\n\t\t\t\t<\/div>\n\t\t\t\t<\/div>\n\t\t<div class=\"elementor-element elementor-element-20c21865 traits e-flex e-con-boxed e-con e-parent\" data-id=\"20c21865\" data-element_type=\"container\">\n\t\t\t\t\t<div class=\"e-con-inner\">\n\t\t\t\t<div class=\"elementor-element elementor-element-42f6d879 elementor-widget elementor-widget-heading\" data-id=\"42f6d879\" data-element_type=\"widget\" data-widget_type=\"heading.default\">\n\t\t\t\t<div class=\"elementor-widget-container\">\n\t\t\t\t\t<h2 class=\"elementor-heading-title elementor-size-default\">Les Associations<\/h2>\t\t\t\t<\/div>\n\t\t\t\t<\/div>\n\t\t<div class=\"elementor-element elementor-element-23537285 e-con-full e-flex e-con e-child\" data-id=\"23537285\" data-element_type=\"container\">\n\t\t<div class=\"elementor-element elementor-element-69ca349c e-con-full e-flex e-con e-child\" data-id=\"69ca349c\" data-element_type=\"container\">\n\t\t\t\t<div class=\"elementor-element elementor-element-150064ea elementor-widget elementor-widget-text-editor\" data-id=\"150064ea\" data-element_type=\"widget\" data-widget_type=\"text-editor.default\">\n\t\t\t\t<div class=\"elementor-widget-container\">\n\t\t\t\t\t\t\t\t\t<h3>FOYER RURAL<\/h3><p><strong>Pr\u00e9sidente :<\/strong> Mme Oc\u00e9ane RODRIGUEZ<br \/><strong>T\u00e9l :<\/strong> 06.50.73.68.29<br \/><strong>Mail :<\/strong> <a href=\"mailto:saintjeanlasseillefoyerrural@gmail.com\">saintjeanlasseillefoyerrural@gmail.com<\/a><\/p>\t\t\t\t\t\t\t\t<\/div>\n\t\t\t\t<\/div>\n\t\t\t\t<div class=\"elementor-element elementor-element-1336aaf9 elementor-widget elementor-widget-text-editor\" data-id=\"1336aaf9\" data-element_type=\"widget\" data-widget_type=\"text-editor.default\">\n\t\t\t\t<div class=\"elementor-widget-container\">\n\t\t\t\t\t\t\t\t\t<h3>TIR A L&rsquo;ARC (section du Foyer Rural)<\/h3><p><strong>Responsable :<\/strong> Mme Carole CATALA<br \/><strong>T\u00e9l :<\/strong> 06.15.87.61.25<br \/><strong>Mail :<\/strong> <a href=\"mailto:catalacarole@orange.fr\">catalacarole@orange.fr<\/a><\/p>\t\t\t\t\t\t\t\t<\/div>\n\t\t\t\t<\/div>\n\t\t\t\t<div class=\"elementor-element elementor-element-418e1e0c elementor-widget elementor-widget-text-editor\" data-id=\"418e1e0c\" data-element_type=\"widget\" data-widget_type=\"text-editor.default\">\n\t\t\t\t<div class=\"elementor-widget-container\">\n\t\t\t\t\t\t\t\t\t<h3>I.S.B.F. &#8211; Boxe Fran\u00e7aise<\/h3><p><b><strong>Pr\u00e9sident\u00a0:<\/strong><\/b>M. Julien RICO<b><br \/><strong>T\u00e9l : <\/strong><\/b>06.87.38.52.50<b><br \/><strong>Mail :<\/strong><\/b> <a href=\"mailto:sbfstjeanlasseille@gmail.com\">sbfstjeanlasseille@gmail.com<\/a><\/p>\t\t\t\t\t\t\t\t<\/div>\n\t\t\t\t<\/div>\n\t\t\t\t<div class=\"elementor-element elementor-element-55f12cb4 elementor-widget elementor-widget-text-editor\" data-id=\"55f12cb4\" data-element_type=\"widget\" data-widget_type=\"text-editor.default\">\n\t\t\t\t<div class=\"elementor-widget-container\">\n\t\t\t\t\t\t\t\t\t<h3>ECKM66 Krav Maga<\/h3><p><strong>Pr\u00e9sident :<\/strong> M. Guy LAMAT<br \/><strong>T\u00e9l. : <\/strong>06.50.82.59.75<br \/><strong>Mail : <\/strong><a href=\"mailto:guylamat@sfr.fr\">guylamat@sfr.fr<\/a><\/p>\t\t\t\t\t\t\t\t<\/div>\n\t\t\t\t<\/div>\n\t\t\t\t<div class=\"elementor-element elementor-element-b59f9da elementor-widget elementor-widget-text-editor\" data-id=\"b59f9da\" data-element_type=\"widget\" data-widget_type=\"text-editor.default\">\n\t\t\t\t<div class=\"elementor-widget-container\">\n\t\t\t\t\t\t\t\t\t<h3>ASPRES TANGO<\/h3><p><strong>Pr\u00e9sident\u00a0:<\/strong> M. Dominique COSTA<br \/><strong>T\u00e9l :<\/strong> 07.68.29.79.65<br \/><strong>Mail :<\/strong> <a href=\"mailto:costadominique66@gmail.com\">costadominique66@gmail.com<\/a><\/p>\t\t\t\t\t\t\t\t<\/div>\n\t\t\t\t<\/div>\n\t\t\t\t<div class=\"elementor-element elementor-element-605619d7 elementor-widget elementor-widget-text-editor\" data-id=\"605619d7\" data-element_type=\"widget\" data-widget_type=\"text-editor.default\">\n\t\t\t\t<div class=\"elementor-widget-container\">\n\t\t\t\t\t\t\t\t\t<h3>VTT POUR TOUS<\/h3><p><strong>Pr\u00e9sident :<\/strong> M. Fran\u00e7ois BOURRIN<br \/><strong>T\u00e9l. : <\/strong>06.13.74.72.66<br \/><strong>Mail : <\/strong><a href=\"mailto:vttpourtous@free.fr\">vttpourtous@free.fr<\/a><\/p>\t\t\t\t\t\t\t\t<\/div>\n\t\t\t\t<\/div>\n\t\t\t\t<div class=\"elementor-element elementor-element-79c9ce05 elementor-widget elementor-widget-text-editor\" data-id=\"79c9ce05\" data-element_type=\"widget\" data-widget_type=\"text-editor.default\">\n\t\t\t\t<div class=\"elementor-widget-container\">\n\t\t\t\t\t\t\t\t\t<h3>P\u00e9tanque Club Saint-Jean-Lasseille<\/h3><p><strong>Pr\u00e9sident :<\/strong> Yannick FOURASTIE<br \/><strong>T\u00e9l :<\/strong> 06.06.54.90.16<br \/><strong>Mail :<\/strong> <a href=\"mailto:petanqueclubsjl@gmail.com\">petanqueclubsjl@gmail.com<\/a><\/p>\t\t\t\t\t\t\t\t<\/div>\n\t\t\t\t<\/div>\n\t\t\t\t<div class=\"elementor-element elementor-element-224a98a7 elementor-widget elementor-widget-text-editor\" data-id=\"224a98a7\" data-element_type=\"widget\" data-widget_type=\"text-editor.default\">\n\t\t\t\t<div class=\"elementor-widget-container\">\n\t\t\t\t\t\t\t\t\t<h3>Association Communale de Chasse Agr\u00e9\u00e9e<\/h3><p><strong>Pr\u00e9sident<\/strong>\u00a0: M. G\u00e9rald ISERN<br \/><strong>T\u00e9l :<\/strong> 06.75.66.20.51<br \/><strong>Mail :<\/strong>\u00a0<a href=\"mailto:gerald.isern@orange.fr\">gerald.isern@orange.fr<\/a><\/p>\t\t\t\t\t\t\t\t<\/div>\n\t\t\t\t<\/div>\n\t\t\t\t<\/div>\n\t\t<div class=\"elementor-element elementor-element-7c8cedcd e-con-full e-flex e-con e-child\" data-id=\"7c8cedcd\" data-element_type=\"container\">\n\t\t\t\t<div class=\"elementor-element elementor-element-52074f0a elementor-widget elementor-widget-text-editor\" data-id=\"52074f0a\" data-element_type=\"widget\" data-widget_type=\"text-editor.default\">\n\t\t\t\t<div class=\"elementor-widget-container\">\n\t\t\t\t\t\t\t\t\t<h3>Partage et Loisirs Lasseillais<\/h3><p><em>Activit\u00e9s \u00e0 destination des a\u00een\u00e9s<\/em><\/p><p><strong>Pr\u00e9sidente<\/strong>\u00a0: Mme Martine COSTECEQUE<br \/><strong>Mail : <\/strong>costeceque.martine@orange.fr<br \/><strong>T\u00e9l : <\/strong>06.07.89.42.46<\/p>\t\t\t\t\t\t\t\t<\/div>\n\t\t\t\t<\/div>\n\t\t\t\t<div class=\"elementor-element elementor-element-58d37fec elementor-widget elementor-widget-text-editor\" data-id=\"58d37fec\" data-element_type=\"widget\" data-widget_type=\"text-editor.default\">\n\t\t\t\t<div class=\"elementor-widget-container\">\n\t\t\t\t\t\t\t\t\t<h3>LES JEUX DU DRAGON<\/h3><p><em>Jeux de soci\u00e9t\u00e9<\/em><\/p><p><strong>Pr\u00e9sident :<\/strong> M. Yannick LANCE<br \/><strong>T\u00e9l. :<\/strong> 06.31.12.24.96<br \/><strong>Mail :<\/strong> <a href=\"mailto:lesjeuxdudragon@gmail.com\">lesjeuxdudragon@gmail.com<\/a><\/p>\t\t\t\t\t\t\t\t<\/div>\n\t\t\t\t<\/div>\n\t\t\t\t<div class=\"elementor-element elementor-element-73c80420 elementor-widget elementor-widget-text-editor\" data-id=\"73c80420\" data-element_type=\"widget\" data-widget_type=\"text-editor.default\">\n\t\t\t\t<div class=\"elementor-widget-container\">\n\t\t\t\t\t\t\t\t\t<h3>SOUVENIR FRAN\u00c7AIS<\/h3><p><em>Association qui englobe la m\u00e9moire de ceux qui se sont engag\u00e9s pour d\u00e9fendre la Patrie.<\/em><\/p><p><strong>Pr\u00e9sidente : <\/strong>Mme Fabienne JEAN<br \/><strong>T\u00e9l :<\/strong> 06.10.14.82.93<br \/><strong>Mail :<\/strong> <a href=\"mailto:fab.jean.66@free.fr\">fab.jean.66@free.fr<\/a><\/p>\t\t\t\t\t\t\t\t<\/div>\n\t\t\t\t<\/div>\n\t\t\t\t<div class=\"elementor-element elementor-element-47fc5abe elementor-widget elementor-widget-text-editor\" data-id=\"47fc5abe\" data-element_type=\"widget\" data-widget_type=\"text-editor.default\">\n\t\t\t\t<div class=\"elementor-widget-container\">\n\t\t\t\t\t\t\t\t\t<h3>BASKET CLUB DES ASPRES<\/h3><p><strong>Regroupe les communes de :<\/strong> Brouilla \u2013 Bages \u2013 Saint-Jean-Lasseille<br \/><strong>Pr\u00e9sident<\/strong>\u00a0: M. Charly ESTEVE<br \/><strong>T\u00e9l :<\/strong> 07.81.55.76.47<br \/><strong>Mail :<\/strong> <a href=\"mailto:charly@bbcaa.fr\">charly@bbcaa.fr<\/a><\/p>\t\t\t\t\t\t\t\t<\/div>\n\t\t\t\t<\/div>\n\t\t\t\t<div class=\"elementor-element elementor-element-5cea97a elementor-widget elementor-widget-text-editor\" data-id=\"5cea97a\" data-element_type=\"widget\" data-widget_type=\"text-editor.default\">\n\t\t\t\t<div class=\"elementor-widget-container\">\n\t\t\t\t\t\t\t\t\t<h3>GYMNASTIQUE RYTHMIQUE LE BOULOU<\/h3><p><strong>Pr\u00e9sidente :<\/strong> Mme St\u00e9phanie SAINT-DIZIER<br \/><strong>T\u00e9l :<\/strong> 06.63.66.21.14<br \/><strong>Mail : <\/strong><a href=\"mailto:clubgrleboulou@gmail.com\">clubgrleboulou@gmail.com<\/a><\/p>\t\t\t\t\t\t\t\t<\/div>\n\t\t\t\t<\/div>\n\t\t\t\t<div class=\"elementor-element elementor-element-644b6b1 elementor-widget elementor-widget-text-editor\" data-id=\"644b6b1\" data-element_type=\"widget\" data-widget_type=\"text-editor.default\">\n\t\t\t\t<div class=\"elementor-widget-container\">\n\t\t\t\t\t\t\t\t\t<h3>NEXT LEVEL 66<\/h3><p><strong>Pr\u00e9sident :<\/strong> M. Olivier SOLER<br \/><strong>T\u00e9l :<\/strong> 06.68.27.06.37<br \/><strong>Mail :<\/strong> <a href=\"mailto:asso.next.level@hotmail.com\">asso.next.level@hotmail.com<\/a><\/p>\t\t\t\t\t\t\t\t<\/div>\n\t\t\t\t<\/div>\n\t\t\t\t<div class=\"elementor-element elementor-element-ac5f96e elementor-widget elementor-widget-text-editor\" data-id=\"ac5f96e\" data-element_type=\"widget\" data-widget_type=\"text-editor.default\">\n\t\t\t\t<div class=\"elementor-widget-container\">\n\t\t\t\t\t\t\t\t\t<h3>ASBV RUGBY<\/h3><p><strong>R\u00e9f\u00e9rente :<\/strong> Mme Pauline CHOQUET-CODER<br \/><strong>T\u00e9l :<\/strong> 06.15.17.91.38<br \/><strong>Mail :<\/strong> <a href=\"mailto:asbv66670@gmail.com\">asbv66670@gmail.com<\/a><\/p>\t\t\t\t\t\t\t\t<\/div>\n\t\t\t\t<\/div>\n\t\t\t\t<\/div>\n\t\t\t\t<\/div>\n\t\t\t\t\t<\/div>\n\t\t\t\t<\/div>\n\t\t<div class=\"elementor-element elementor-element-1fcb3fc7 e-con-full e-flex e-con e-parent\" data-id=\"1fcb3fc7\" data-element_type=\"container\" data-settings=\"{&quot;background_background&quot;:&quot;classic&quot;,&quot;shape_divider_top&quot;:&quot;triangle-asymmetrical&quot;,&quot;shape_divider_top_negative&quot;:&quot;yes&quot;,&quot;shape_divider_bottom&quot;:&quot;triangle-asymmetrical&quot;,&quot;shape_divider_bottom_negative&quot;:&quot;yes&quot;}\">\n\t\t\t\t<div class=\"elementor-shape elementor-shape-top\" aria-hidden=\"true\" data-negative=\"true\">\n\t\t\t<svg xmlns=\"http:\/\/www.w3.org\/2000\/svg\" viewBox=\"0 0 1000 100\" preserveAspectRatio=\"none\">\n\t<path class=\"elementor-shape-fill\" d=\"M737.9,94.7L0,0v100h1000V0L737.9,94.7z\"\/>\n<\/svg>\t\t<\/div>\n\t\t\t\t<div class=\"elementor-shape elementor-shape-bottom\" aria-hidden=\"true\" data-negative=\"true\">\n\t\t\t<svg xmlns=\"http:\/\/www.w3.org\/2000\/svg\" viewBox=\"0 0 1000 100\" preserveAspectRatio=\"none\">\n\t<path class=\"elementor-shape-fill\" d=\"M737.9,94.7L0,0v100h1000V0L737.9,94.7z\"\/>\n<\/svg>\t\t<\/div>\n\t\t<div class=\"elementor-element elementor-element-4148707a marianne e-flex e-con-boxed e-con e-child\" data-id=\"4148707a\" data-element_type=\"container\">\n\t\t\t\t\t<div class=\"e-con-inner\">\n\t\t\t\t<div class=\"elementor-element elementor-element-741c27cb elementor-widget elementor-widget-heading\" data-id=\"741c27cb\" data-element_type=\"widget\" data-widget_type=\"heading.default\">\n\t\t\t\t<div class=\"elementor-widget-container\">\n\t\t\t\t\t<h2 class=\"elementor-heading-title elementor-size-default\">Foyer Rural<\/h2>\t\t\t\t<\/div>\n\t\t\t\t<\/div>\n\t\t<div class=\"elementor-element elementor-element-bc43f62 e-con-full e-flex e-con e-child\" data-id=\"bc43f62\" data-element_type=\"container\">\n\t\t<div class=\"elementor-element elementor-element-77c4d4c1 e-con-full e-flex e-con e-child\" data-id=\"77c4d4c1\" data-element_type=\"container\">\n\t\t\t\t<div class=\"elementor-element elementor-element-6345870 elementor-widget elementor-widget-heading\" data-id=\"6345870\" data-element_type=\"widget\" data-widget_type=\"heading.default\">\n\t\t\t\t<div class=\"elementor-widget-container\">\n\t\t\t\t\t<h3 class=\"elementor-heading-title elementor-size-default\">Qu'est-ce qu'un Foyer Rural ?<\/h3>\t\t\t\t<\/div>\n\t\t\t\t<\/div>\n\t\t\t\t<div class=\"elementor-element elementor-element-bb69134 elementor-widget elementor-widget-text-editor\" data-id=\"bb69134\" data-element_type=\"widget\" data-widget_type=\"text-editor.default\">\n\t\t\t\t<div class=\"elementor-widget-container\">\n\t\t\t\t\t\t\t\t\t<p>C&rsquo;est une Association loi 1901, lieu de rencontre, d&rsquo;expression et d&rsquo;\u00e9changes, un p\u00f4le d&rsquo;initiatives et de r\u00e9flexion.<\/p><p>C&rsquo;est la manifestation d&rsquo;une volont\u00e9 des habitants d&rsquo;agir ensemble et librement pour que vive le monde rural. C&rsquo;est le moyen de r\u00e9aliser b\u00e9n\u00e9volement des projets sur place dans sa commune rurale, et dans tous les domaines de l&rsquo;animation et du d\u00e9veloppement rural : loisirs, sports, culture, tourisme, \u00e9ducation, social\u2026<\/p><p>C&rsquo;est le rassemblement de ceux qui ont fait le choix, de mettre en commun les efforts, quels que soient leur religion, leur appartenance politique, leur origine, leur m\u00e9tier, leur \u00e2ge\u2026<\/p><p>Cette adh\u00e9sion vous permet de b\u00e9n\u00e9ficier de toutes les infrastructures du Foyer Rural.<\/p>\t\t\t\t\t\t\t\t<\/div>\n\t\t\t\t<\/div>\n\t\t<div class=\"elementor-element elementor-element-6398613 e-con-full e-flex e-con e-child\" data-id=\"6398613\" data-element_type=\"container\" data-settings=\"{&quot;background_background&quot;:&quot;classic&quot;}\">\n\t\t<div class=\"elementor-element elementor-element-66d00d2 e-con-full e-flex e-con e-child\" data-id=\"66d00d2\" data-element_type=\"container\" data-settings=\"{&quot;background_background&quot;:&quot;classic&quot;}\">\n\t\t\t\t<div class=\"elementor-element elementor-element-3311c2b elementor-widget elementor-widget-heading\" data-id=\"3311c2b\" data-element_type=\"widget\" data-widget_type=\"heading.default\">\n\t\t\t\t<div class=\"elementor-widget-container\">\n\t\t\t\t\t<span class=\"elementor-heading-title elementor-size-default\">Cotisation annulelle<\/span>\t\t\t\t<\/div>\n\t\t\t\t<\/div>\n\t\t\t\t<\/div>\n\t\t<div class=\"elementor-element elementor-element-f1becb4 e-con-full e-flex e-con e-child\" data-id=\"f1becb4\" data-element_type=\"container\">\n\t\t\t\t<div class=\"elementor-element elementor-element-17ce51a elementor-widget elementor-widget-heading\" data-id=\"17ce51a\" data-element_type=\"widget\" data-widget_type=\"heading.default\">\n\t\t\t\t<div class=\"elementor-widget-container\">\n\t\t\t\t\t<span class=\"elementor-heading-title elementor-size-default\">65 \u20ac<\/span>\t\t\t\t<\/div>\n\t\t\t\t<\/div>\n\t\t\t\t<\/div>\n\t\t\t\t<\/div>\n\t\t\t\t<\/div>\n\t\t\t\t<div class=\"elementor-element elementor-element-b65a8d1 elementor-widget elementor-widget-image\" data-id=\"b65a8d1\" data-element_type=\"widget\" data-widget_type=\"image.default\">\n\t\t\t\t<div class=\"elementor-widget-container\">\n\t\t\t\t\t\t\t\t\t\t\t\t\t\t\t<img fetchpriority=\"high\" decoding=\"async\" width=\"800\" height=\"534\" src=\"https:\/\/saintjeanlasseille.site-internet-net.fr\/wp-content\/uploads\/2024\/07\/business-success-concept-wooden-table-top-view-hands-protecting-wooden-figures-people-1024x683.jpg\" class=\"attachment-large size-large wp-image-1305\" alt=\"\" srcset=\"https:\/\/saintjeanlasseille.site-internet-net.fr\/wp-content\/uploads\/2024\/07\/business-success-concept-wooden-table-top-view-hands-protecting-wooden-figures-people-1024x683.jpg 1024w, https:\/\/saintjeanlasseille.site-internet-net.fr\/wp-content\/uploads\/2024\/07\/business-success-concept-wooden-table-top-view-hands-protecting-wooden-figures-people-300x200.jpg 300w, https:\/\/saintjeanlasseille.site-internet-net.fr\/wp-content\/uploads\/2024\/07\/business-success-concept-wooden-table-top-view-hands-protecting-wooden-figures-people-768x512.jpg 768w, https:\/\/saintjeanlasseille.site-internet-net.fr\/wp-content\/uploads\/2024\/07\/business-success-concept-wooden-table-top-view-hands-protecting-wooden-figures-people-391x260.jpg 391w, https:\/\/saintjeanlasseille.site-internet-net.fr\/wp-content\/uploads\/2024\/07\/business-success-concept-wooden-table-top-view-hands-protecting-wooden-figures-people-1536x1024.jpg 1536w, https:\/\/saintjeanlasseille.site-internet-net.fr\/wp-content\/uploads\/2024\/07\/business-success-concept-wooden-table-top-view-hands-protecting-wooden-figures-people-2048x1365.jpg 2048w\" sizes=\"(max-width: 800px) 100vw, 800px\" \/>\t\t\t\t\t\t\t\t\t\t\t\t\t\t\t<\/div>\n\t\t\t\t<\/div>\n\t\t\t\t<\/div>\n\t\t\t\t\t<\/div>\n\t\t\t\t<\/div>\n\t\t\t\t<\/div>\n\t\t<div class=\"elementor-element elementor-element-343d694c traits e-flex e-con-boxed e-con e-parent\" data-id=\"343d694c\" data-element_type=\"container\">\n\t\t\t\t\t<div class=\"e-con-inner\">\n\t\t\t\t<div class=\"elementor-element elementor-element-2a50b9e elementor-widget elementor-widget-heading\" data-id=\"2a50b9e\" data-element_type=\"widget\" data-widget_type=\"heading.default\">\n\t\t\t\t<div class=\"elementor-widget-container\">\n\t\t\t\t\t<h2 class=\"elementor-heading-title elementor-size-default\">Le  C.C.A.S.  (Centre Communal d'Action Sociale)<\/h2>\t\t\t\t<\/div>\n\t\t\t\t<\/div>\n\t\t<div class=\"elementor-element elementor-element-1d9068a6 e-con-full e-flex e-con e-child\" data-id=\"1d9068a6\" data-element_type=\"container\">\n\t\t<div class=\"elementor-element elementor-element-1ceb294f e-con-full e-flex e-con e-child\" data-id=\"1ceb294f\" data-element_type=\"container\">\n\t\t\t\t<div class=\"elementor-element elementor-element-d7452a4 elementor-widget__width-initial elementor-widget elementor-widget-text-editor\" data-id=\"d7452a4\" data-element_type=\"widget\" data-widget_type=\"text-editor.default\">\n\t\t\t\t<div class=\"elementor-widget-container\">\n\t\t\t\t\t\t\t\t\t<p><strong><u>Pr\u00e9sident<\/u> :<\/strong> \u00a0M. Philippe XANCHO<br \/><strong><u>Vice-Pr\u00e9sident<\/u> :<\/strong> M. St\u00e9phane CATHELAT<\/p><p>Le<strong> C.C.A.S<\/strong>. assure un accompagnement aux personnes \u00e2g\u00e9es et handicap\u00e9es au travers de son service d\u2019aide \u00e0 domicile autoris\u00e9e par les services du Conseil G\u00e9n\u00e9ral des Pyr\u00e9n\u00e9es-Orientales.<\/p><p>L\u2019accompagnement des personnes \u00e2g\u00e9es, et plus largement des personnes d\u00e9pendantes telles que les personnes handicap\u00e9es, consiste \u00e0 assister leurs gestes et \u00e0 encourager leur autonomie. De plus, le <strong>C.C.A.S<\/strong> dispose <u>d\u2019un service de portage<\/u> <u>des repas<\/u> fonctionnant sept \u00a0jours sur sept.<\/p><p>Le <strong>C.C.A.S<\/strong> met \u00e9galement \u00e0 disposition des personnes qui le d\u00e9sirent un syst\u00e8me de <u>T\u00e9l\u00e9alarme<\/u> dont la Communaut\u00e9 de Communes des ASPRES prend \u00e0 sa charge une partie de l\u2019abonnement annuel.<\/p><p>La <u>T\u00e9l\u00e9alarme<\/u> est un dispositif de transmission d&rsquo;alarme \u00e0 distance. Chaque adh\u00e9rent est dot\u00e9 d&rsquo;un boitier sp\u00e9cifique et d&rsquo;un m\u00e9daillon \u00e0 activer en cas d&rsquo;urgence, permettant d&rsquo;alerter les secours et la famille dans les plus brefs d\u00e9lais.<\/p><p>la mission du <strong>C.C.A.S<\/strong>. est de mettre en \u0153uvre la politique sociale de la commune en direction des publics fragilis\u00e9s.<\/p><p><strong>O\u00f9 se renseigner ? \u00a0O\u00f9 retirer un dossier d&rsquo;inscription ?<\/strong><\/p><p>Dans les mairies des communes.<\/p>\t\t\t\t\t\t\t\t<\/div>\n\t\t\t\t<\/div>\n\t\t\t\t<div class=\"elementor-element elementor-element-6b6cea7d elementor-tablet-align-justify elementor-widget elementor-widget-button\" data-id=\"6b6cea7d\" data-element_type=\"widget\" data-widget_type=\"button.default\">\n\t\t\t\t<div class=\"elementor-widget-container\">\n\t\t\t\t\t\t\t\t\t<div class=\"elementor-button-wrapper\">\n\t\t\t\t\t<a class=\"elementor-button elementor-button-link elementor-size-sm\" href=\"#\">\n\t\t\t\t\t\t<span class=\"elementor-button-content-wrapper\">\n\t\t\t\t\t\t\t\t\t<span class=\"elementor-button-text\">En savoir plus<\/span>\n\t\t\t\t\t<\/span>\n\t\t\t\t\t<\/a>\n\t\t\t\t<\/div>\n\t\t\t\t\t\t\t\t<\/div>\n\t\t\t\t<\/div>\n\t\t\t\t<\/div>\n\t\t<div class=\"elementor-element elementor-element-260968ce e-con-full e-flex e-con e-child\" data-id=\"260968ce\" data-element_type=\"container\">\n\t\t\t\t<div class=\"elementor-element elementor-element-1666c995 elementor-widget elementor-widget-image\" data-id=\"1666c995\" data-element_type=\"widget\" data-widget_type=\"image.default\">\n\t\t\t\t<div class=\"elementor-widget-container\">\n\t\t\t\t\t\t\t\t\t\t\t\t\t\t\t<img decoding=\"async\" width=\"800\" height=\"591\" src=\"https:\/\/saintjeanlasseille.site-internet-net.fr\/wp-content\/uploads\/2024\/07\/female-caretaker-her-client-s-house-taking-care-elderly-person-1024x757.jpg\" class=\"attachment-large size-large wp-image-1600\" alt=\"\" srcset=\"https:\/\/saintjeanlasseille.site-internet-net.fr\/wp-content\/uploads\/2024\/07\/female-caretaker-her-client-s-house-taking-care-elderly-person-1024x757.jpg 1024w, https:\/\/saintjeanlasseille.site-internet-net.fr\/wp-content\/uploads\/2024\/07\/female-caretaker-her-client-s-house-taking-care-elderly-person-300x222.jpg 300w, https:\/\/saintjeanlasseille.site-internet-net.fr\/wp-content\/uploads\/2024\/07\/female-caretaker-her-client-s-house-taking-care-elderly-person-768x568.jpg 768w, https:\/\/saintjeanlasseille.site-internet-net.fr\/wp-content\/uploads\/2024\/07\/female-caretaker-her-client-s-house-taking-care-elderly-person-1536x1136.jpg 1536w, https:\/\/saintjeanlasseille.site-internet-net.fr\/wp-content\/uploads\/2024\/07\/female-caretaker-her-client-s-house-taking-care-elderly-person-2048x1514.jpg 2048w\" sizes=\"(max-width: 800px) 100vw, 800px\" \/>\t\t\t\t\t\t\t\t\t\t\t\t\t\t\t<\/div>\n\t\t\t\t<\/div>\n\t\t\t\t<\/div>\n\t\t\t\t<\/div>\n\t\t\t\t\t<\/div>\n\t\t\t\t<\/div>\n\t\t\t\t<\/div>\n\t\t","protected":false},"excerpt":{"rendered":"<p>Vie associative Toutes les informations concernant la vie association et collective au sein de Sain Jean Lasseille. Les Associations FOYER RURAL Pr\u00e9sidente : Mme Oc\u00e9ane RODRIGUEZT\u00e9l : 06.50.73.68.29Mail : saintjeanlasseillefoyerrural@gmail.com TIR A L&rsquo;ARC (section du Foyer Rural) Responsable : Mme Carole CATALAT\u00e9l : 06.15.87.61.25Mail : catalacarole@orange.fr I.S.B.F. &#8211; Boxe Fran\u00e7aise Pr\u00e9sident\u00a0:M. Julien RICOT\u00e9l : 06.87.38.52.50Mail [&hellip;]<\/p>\n","protected":false},"author":2,"featured_media":0,"parent":0,"menu_order":0,"comment_status":"closed","ping_status":"closed","template":"","meta":{"footnotes":""},"class_list":["post-31","page","type-page","status-publish","hentry"],"_links":{"self":[{"href":"https:\/\/saintjeanlasseille.site-internet-net.fr\/index.php?rest_route=\/wp\/v2\/pages\/31"}],"collection":[{"href":"https:\/\/saintjeanlasseille.site-internet-net.fr\/index.php?rest_route=\/wp\/v2\/pages"}],"about":[{"href":"https:\/\/saintjeanlasseille.site-internet-net.fr\/index.php?rest_route=\/wp\/v2\/types\/page"}],"author":[{"embeddable":true,"href":"https:\/\/saintjeanlasseille.site-internet-net.fr\/index.php?rest_route=\/wp\/v2\/users\/2"}],"replies":[{"embeddable":true,"href":"https:\/\/saintjeanlasseille.site-internet-net.fr\/index.php?rest_route=%2Fwp%2Fv2%2Fcomments&post=31"}],"version-history":[{"count":40,"href":"https:\/\/saintjeanlasseille.site-internet-net.fr\/index.php?rest_route=\/wp\/v2\/pages\/31\/revisions"}],"predecessor-version":[{"id":1626,"href":"https:\/\/saintjeanlasseille.site-internet-net.fr\/index.php?rest_route=\/wp\/v2\/pages\/31\/revisions\/1626"}],"wp:attachment":[{"href":"https:\/\/saintjeanlasseille.site-internet-net.fr\/index.php?rest_route=%2Fwp%2Fv2%2Fmedia&parent=31"}],"curies":[{"name":"wp","href":"https:\/\/api.w.org\/{rel}","templated":true}]}}