{"id":37,"date":"2024-06-19T15:45:41","date_gmt":"2024-06-19T13:45:41","guid":{"rendered":"https:\/\/saintjeanlasseille.site-internet-net.fr\/?page_id=37"},"modified":"2024-07-27T12:39:23","modified_gmt":"2024-07-27T10:39:23","slug":"sante","status":"publish","type":"page","link":"https:\/\/saintjeanlasseille.site-internet-net.fr\/?page_id=37","title":{"rendered":"Sant\u00e9"},"content":{"rendered":"\t\t<div data-elementor-type=\"wp-page\" data-elementor-id=\"37\" class=\"elementor elementor-37\" data-elementor-post-type=\"page\">\n\t\t\t\t<div class=\"elementor-element elementor-element-49f3e5ed e-flex e-con-boxed e-con e-parent\" data-id=\"49f3e5ed\" data-element_type=\"container\" data-settings=\"{&quot;background_background&quot;:&quot;classic&quot;}\">\n\t\t\t\t\t<div class=\"e-con-inner\">\n\t\t<div class=\"elementor-element elementor-element-47447d1c e-con-full e-flex e-con e-child\" data-id=\"47447d1c\" data-element_type=\"container\">\n\t\t\t\t<div class=\"elementor-element elementor-element-640b0373 elementor-widget elementor-widget-heading\" data-id=\"640b0373\" data-element_type=\"widget\" data-widget_type=\"heading.default\">\n\t\t\t\t<div class=\"elementor-widget-container\">\n\t\t\t\t\t<h1 class=\"elementor-heading-title elementor-size-default\">Sant\u00e9<\/h1>\t\t\t\t<\/div>\n\t\t\t\t<\/div>\n\t\t\t\t<\/div>\n\t\t\t\t\t<\/div>\n\t\t\t\t<\/div>\n\t\t<div class=\"elementor-element elementor-element-4ce15c46 e-con-full e-flex e-con e-parent\" data-id=\"4ce15c46\" data-element_type=\"container\" data-settings=\"{&quot;background_background&quot;:&quot;classic&quot;}\">\n\t\t<div class=\"elementor-element elementor-element-391962e0 marianne e-flex e-con-boxed e-con e-child\" data-id=\"391962e0\" data-element_type=\"container\" data-settings=\"{&quot;background_background&quot;:&quot;classic&quot;,&quot;shape_divider_bottom&quot;:&quot;triangle-asymmetrical&quot;,&quot;shape_divider_bottom_negative&quot;:&quot;yes&quot;}\">\n\t\t\t\t\t<div class=\"e-con-inner\">\n\t\t\t\t<div class=\"elementor-shape elementor-shape-bottom\" aria-hidden=\"true\" data-negative=\"true\">\n\t\t\t<svg xmlns=\"http:\/\/www.w3.org\/2000\/svg\" viewBox=\"0 0 1000 100\" preserveAspectRatio=\"none\">\n\t<path class=\"elementor-shape-fill\" d=\"M737.9,94.7L0,0v100h1000V0L737.9,94.7z\"\/>\n<\/svg>\t\t<\/div>\n\t\t\t\t<div class=\"elementor-element elementor-element-6816bd61 elementor-widget elementor-widget-text-editor\" data-id=\"6816bd61\" data-element_type=\"widget\" data-widget_type=\"text-editor.default\">\n\t\t\t\t<div class=\"elementor-widget-container\">\n\t\t\t\t\t\t\t\t\tToutes les informations concernant<br>les <em>services de sant\u00e9<\/em> du village\t\t\t\t\t\t\t\t<\/div>\n\t\t\t\t<\/div>\n\t\t\t\t\t<\/div>\n\t\t\t\t<\/div>\n\t\t\t\t<\/div>\n\t\t<div class=\"elementor-element elementor-element-7cbadbd0 traits e-flex e-con-boxed e-con e-parent\" data-id=\"7cbadbd0\" data-element_type=\"container\">\n\t\t\t\t\t<div class=\"e-con-inner\">\n\t\t\t\t<div class=\"elementor-element elementor-element-5c32dee0 elementor-widget elementor-widget-heading\" data-id=\"5c32dee0\" data-element_type=\"widget\" data-widget_type=\"heading.default\">\n\t\t\t\t<div class=\"elementor-widget-container\">\n\t\t\t\t\t<h2 class=\"elementor-heading-title elementor-size-default\">Sant\u00e9<\/h2>\t\t\t\t<\/div>\n\t\t\t\t<\/div>\n\t\t<div class=\"elementor-element elementor-element-50238696 e-con-full e-flex e-con e-child\" data-id=\"50238696\" data-element_type=\"container\">\n\t\t<div class=\"elementor-element elementor-element-47cb589 e-con-full e-flex e-con e-child\" data-id=\"47cb589\" data-element_type=\"container\">\n\t\t\t\t<div class=\"elementor-element elementor-element-e58137f elementor-widget elementor-widget-heading\" data-id=\"e58137f\" data-element_type=\"widget\" data-widget_type=\"heading.default\">\n\t\t\t\t<div class=\"elementor-widget-container\">\n\t\t\t\t\t<h3 class=\"elementor-heading-title elementor-size-default\">Cabinet de Kinesith\u00e9rapie<\/h3>\t\t\t\t<\/div>\n\t\t\t\t<\/div>\n\t\t\t\t<div class=\"elementor-element elementor-element-bc7f143 elementor-widget elementor-widget-text-editor\" data-id=\"bc7f143\" data-element_type=\"widget\" data-widget_type=\"text-editor.default\">\n\t\t\t\t<div class=\"elementor-widget-container\">\n\t\t\t\t\t\t\t\t\t<div>Maria Alvarez, kin\u00e9sith\u00e9rapeute, propose des cours de pilates les :<br aria-hidden=\"true\" \/><strong>mardi<\/strong> de 18h30 \u00e0 19h30<br aria-hidden=\"true\" \/><strong>jeudi<\/strong> de 13h30 \u00e0 14h30 et de 18h30 \u00e0 19h30<br \/>11 rue des Alb\u00e8res &#8211; Saint Jean Lasseille<br \/>Renseignements au 06 80 02 70 26<\/div>\t\t\t\t\t\t\t\t<\/div>\n\t\t\t\t<\/div>\n\t\t\t\t<div class=\"elementor-element elementor-element-66a8fd6 elementor-widget elementor-widget-image\" data-id=\"66a8fd6\" data-element_type=\"widget\" data-widget_type=\"image.default\">\n\t\t\t\t<div class=\"elementor-widget-container\">\n\t\t\t\t\t\t\t\t\t\t\t\t\t\t\t<img fetchpriority=\"high\" decoding=\"async\" width=\"300\" height=\"200\" src=\"https:\/\/saintjeanlasseille.site-internet-net.fr\/wp-content\/uploads\/2024\/07\/Medical-300x200.jpg\" class=\"attachment-medium size-medium wp-image-1214\" alt=\"\" srcset=\"https:\/\/saintjeanlasseille.site-internet-net.fr\/wp-content\/uploads\/2024\/07\/Medical-300x200.jpg 300w, https:\/\/saintjeanlasseille.site-internet-net.fr\/wp-content\/uploads\/2024\/07\/Medical-1024x682.jpg 1024w, https:\/\/saintjeanlasseille.site-internet-net.fr\/wp-content\/uploads\/2024\/07\/Medical-768x511.jpg 768w, https:\/\/saintjeanlasseille.site-internet-net.fr\/wp-content\/uploads\/2024\/07\/Medical-391x260.jpg 391w, https:\/\/saintjeanlasseille.site-internet-net.fr\/wp-content\/uploads\/2024\/07\/Medical-1536x1022.jpg 1536w, https:\/\/saintjeanlasseille.site-internet-net.fr\/wp-content\/uploads\/2024\/07\/Medical.jpg 1920w\" sizes=\"(max-width: 300px) 100vw, 300px\" \/>\t\t\t\t\t\t\t\t\t\t\t\t\t\t\t<\/div>\n\t\t\t\t<\/div>\n\t\t\t\t<\/div>\n\t\t<div class=\"elementor-element elementor-element-8c871c9 e-con-full e-flex e-con e-child\" data-id=\"8c871c9\" data-element_type=\"container\">\n\t\t\t\t<div class=\"elementor-element elementor-element-582a351 elementor-widget elementor-widget-heading\" data-id=\"582a351\" data-element_type=\"widget\" data-widget_type=\"heading.default\">\n\t\t\t\t<div class=\"elementor-widget-container\">\n\t\t\t\t\t<h3 class=\"elementor-heading-title elementor-size-default\">INFIRMI\u00c8RES<\/h3>\t\t\t\t<\/div>\n\t\t\t\t<\/div>\n\t\t\t\t<div class=\"elementor-element elementor-element-3ab7ab0 elementor-widget elementor-widget-text-editor\" data-id=\"3ab7ab0\" data-element_type=\"widget\" data-widget_type=\"text-editor.default\">\n\t\t\t\t<div class=\"elementor-widget-container\">\n\t\t\t\t\t\t\t\t\t<p><strong>Saint-Jean-Lasseille<\/strong><br \/>CHERIEF Aurore <br \/>07.66.22.99.83<\/p><p><strong>Villemolaque<br \/><\/strong>CULEBRAS Christel <br \/>06.19.94.78.34<br \/><br \/>WILHELM Nathalie <br \/>06.89.28.38.31<\/p>\t\t\t\t\t\t\t\t<\/div>\n\t\t\t\t<\/div>\n\t\t\t\t<\/div>\n\t\t<div class=\"elementor-element elementor-element-8264cb1 e-con-full e-flex e-con e-child\" data-id=\"8264cb1\" data-element_type=\"container\">\n\t\t\t\t<div class=\"elementor-element elementor-element-fdb95e8 elementor-widget elementor-widget-heading\" data-id=\"fdb95e8\" data-element_type=\"widget\" data-widget_type=\"heading.default\">\n\t\t\t\t<div class=\"elementor-widget-container\">\n\t\t\t\t\t<h3 class=\"elementor-heading-title elementor-size-default\">PHARMACIES<\/h3>\t\t\t\t<\/div>\n\t\t\t\t<\/div>\n\t\t\t\t<div class=\"elementor-element elementor-element-ed325e4 elementor-widget elementor-widget-text-editor\" data-id=\"ed325e4\" data-element_type=\"widget\" data-widget_type=\"text-editor.default\">\n\t\t\t\t<div class=\"elementor-widget-container\">\n\t\t\t\t\t\t\t\t\t<p><strong>Pharmacie BRIGOT Andreu<br \/><\/strong>7, avenue Jean Jaur\u00e8s, 66670 Bages<br \/>04 68 21 71 08<\/p><p><strong>Pharmacie PACCIANUS<br \/><\/strong>31, avenue Olivier, 66300 Banyuls dels Aspres<br \/>04 68 37 53 20<\/p>\t\t\t\t\t\t\t\t<\/div>\n\t\t\t\t<\/div>\n\t\t\t\t<\/div>\n\t\t<div class=\"elementor-element elementor-element-d777a3a e-con-full e-flex e-con e-child\" data-id=\"d777a3a\" data-element_type=\"container\">\n\t\t\t\t<div class=\"elementor-element elementor-element-28d6e7c elementor-widget elementor-widget-heading\" data-id=\"28d6e7c\" data-element_type=\"widget\" data-widget_type=\"heading.default\">\n\t\t\t\t<div class=\"elementor-widget-container\">\n\t\t\t\t\t<h3 class=\"elementor-heading-title elementor-size-default\">BIEN-ETRE<\/h3>\t\t\t\t<\/div>\n\t\t\t\t<\/div>\n\t\t\t\t<div class=\"elementor-element elementor-element-7d4afb1 elementor-widget elementor-widget-text-editor\" data-id=\"7d4afb1\" data-element_type=\"widget\" data-widget_type=\"text-editor.default\">\n\t\t\t\t<div class=\"elementor-widget-container\">\n\t\t\t\t\t\t\t\t\t<p><strong>Natur&rsquo;Sant\u00e9<br \/><\/strong><u>Coop\u00e9rative du bien-\u00eatre<br \/><\/u>T\u00e9l Secr\u00e9tariat : 07.88.46.34.73<br \/><a title=\"\" href=\"https:\/\/www.natursante66.fr\/\"><u>www.natursante66.fr<\/u><\/a><\/p>\t\t\t\t\t\t\t\t<\/div>\n\t\t\t\t<\/div>\n\t\t\t\t<\/div>\n\t\t<div class=\"elementor-element elementor-element-9ce222c e-con-full e-flex e-con e-child\" data-id=\"9ce222c\" data-element_type=\"container\">\n\t\t\t\t<div class=\"elementor-element elementor-element-8ab54c1 elementor-widget elementor-widget-heading\" data-id=\"8ab54c1\" data-element_type=\"widget\" data-widget_type=\"heading.default\">\n\t\t\t\t<div class=\"elementor-widget-container\">\n\t\t\t\t\t<h3 class=\"elementor-heading-title elementor-size-default\">MEDECINS<\/h3>\t\t\t\t<\/div>\n\t\t\t\t<\/div>\n\t\t\t\t<div class=\"elementor-element elementor-element-90e0149 elementor-widget elementor-widget-text-editor\" data-id=\"90e0149\" data-element_type=\"widget\" data-widget_type=\"text-editor.default\">\n\t\t\t\t<div class=\"elementor-widget-container\">\n\t\t\t\t\t\t\t\t\t<p><strong>BEFFARA &amp; MOLINE<br \/><\/strong>1, rue Louis Nogu\u00e8res, 66670 Bages<br \/>04 68 21 71 31<\/p><p><strong>Marie BOUVIER<br \/><\/strong>7, rue Doct. Jean Bass\u00e8de, 66670 Bages<br \/>04 68 08 16 57<\/p><p><strong>Corine CABANY<br \/><\/strong>28, rue de la Tramontane, 66300 Banyuls-dels-Aspres<br \/>04 68 21 66 39<\/p><p><strong>Charles LEEMANS<br \/><\/strong>27, avenue Olivier, 66300 Banyuls-dels-Aspres<br \/>04 68 21 72 61<\/p><p><strong>Jean-Fran\u00e7ois PARY<br \/><\/strong>95, avenue Jean Jaur\u00e8s, 66670 Bages<br \/>04 68 21 72 85<\/p>\t\t\t\t\t\t\t\t<\/div>\n\t\t\t\t<\/div>\n\t\t\t\t<\/div>\n\t\t\t\t<\/div>\n\t\t\t\t\t<\/div>\n\t\t\t\t<\/div>\n\t\t<div class=\"elementor-element elementor-element-289841fa e-con-full e-flex e-con e-parent\" data-id=\"289841fa\" data-element_type=\"container\" data-settings=\"{&quot;background_background&quot;:&quot;classic&quot;,&quot;shape_divider_top&quot;:&quot;triangle-asymmetrical&quot;,&quot;shape_divider_top_negative&quot;:&quot;yes&quot;,&quot;shape_divider_bottom&quot;:&quot;triangle-asymmetrical&quot;,&quot;shape_divider_bottom_negative&quot;:&quot;yes&quot;}\">\n\t\t\t\t<div class=\"elementor-shape elementor-shape-top\" aria-hidden=\"true\" data-negative=\"true\">\n\t\t\t<svg xmlns=\"http:\/\/www.w3.org\/2000\/svg\" viewBox=\"0 0 1000 100\" preserveAspectRatio=\"none\">\n\t<path class=\"elementor-shape-fill\" d=\"M737.9,94.7L0,0v100h1000V0L737.9,94.7z\"\/>\n<\/svg>\t\t<\/div>\n\t\t\t\t<div class=\"elementor-shape elementor-shape-bottom\" aria-hidden=\"true\" data-negative=\"true\">\n\t\t\t<svg xmlns=\"http:\/\/www.w3.org\/2000\/svg\" viewBox=\"0 0 1000 100\" preserveAspectRatio=\"none\">\n\t<path class=\"elementor-shape-fill\" d=\"M737.9,94.7L0,0v100h1000V0L737.9,94.7z\"\/>\n<\/svg>\t\t<\/div>\n\t\t<div class=\"elementor-element elementor-element-5815a136 marianne e-flex e-con-boxed e-con e-child\" data-id=\"5815a136\" data-element_type=\"container\">\n\t\t\t\t\t<div class=\"e-con-inner\">\n\t\t\t\t<div class=\"elementor-element elementor-element-1ed5927 elementor-widget elementor-widget-heading\" data-id=\"1ed5927\" data-element_type=\"widget\" data-widget_type=\"heading.default\">\n\t\t\t\t<div class=\"elementor-widget-container\">\n\t\t\t\t\t<h2 class=\"elementor-heading-title elementor-size-default\">Services d'Urgences<\/h2>\t\t\t\t<\/div>\n\t\t\t\t<\/div>\n\t\t<div class=\"elementor-element elementor-element-7ca7c46f e-con-full e-flex e-con e-child\" data-id=\"7ca7c46f\" data-element_type=\"container\">\n\t\t<div class=\"elementor-element elementor-element-c5e55dd e-con-full e-flex e-con e-child\" data-id=\"c5e55dd\" data-element_type=\"container\">\n\t\t\t\t<div class=\"elementor-element elementor-element-58910ef elementor-widget elementor-widget-text-editor\" data-id=\"58910ef\" data-element_type=\"widget\" data-widget_type=\"text-editor.default\">\n\t\t\t\t<div class=\"elementor-widget-container\">\n\t\t\t\t\t\t\t\t\t<p><strong>Gendarmerie<\/strong> : 17<\/p><p><strong>Centre antipoison<\/strong> : 04 91 75 25 25<\/p><p><strong>Samu<\/strong> : 15<\/p><p><strong>Pompiers<\/strong> : 18<\/p><p>Veuillez trouver, ci-dessous, le lien de t\u00e9l\u00e9chargement de la revue du Service D\u00e9partemental d&rsquo;Incendie et de Secours des Pyr\u00e9n\u00e9es-Orientales<\/p>\t\t\t\t\t\t\t\t<\/div>\n\t\t\t\t<\/div>\n\t\t\t\t<div class=\"elementor-element elementor-element-dbe119e elementor-mobile-align-justify elementor-widget elementor-widget-button\" data-id=\"dbe119e\" data-element_type=\"widget\" data-widget_type=\"button.default\">\n\t\t\t\t<div class=\"elementor-widget-container\">\n\t\t\t\t\t\t\t\t\t<div class=\"elementor-button-wrapper\">\n\t\t\t\t\t<a class=\"elementor-button elementor-button-link elementor-size-sm\" href=\"http:\/\/www.sdis66.fr\">\n\t\t\t\t\t\t<span class=\"elementor-button-content-wrapper\">\n\t\t\t\t\t\t\t\t\t<span class=\"elementor-button-text\">T\u00e9l\u00e9charger la revue<\/span>\n\t\t\t\t\t<\/span>\n\t\t\t\t\t<\/a>\n\t\t\t\t<\/div>\n\t\t\t\t\t\t\t\t<\/div>\n\t\t\t\t<\/div>\n\t\t\t\t<\/div>\n\t\t<div class=\"elementor-element elementor-element-95786c3 e-con-full e-flex e-con e-child\" data-id=\"95786c3\" data-element_type=\"container\">\n\t\t\t\t<div class=\"elementor-element elementor-element-a81d221 elementor-widget__width-initial elementor-widget elementor-widget-image\" data-id=\"a81d221\" data-element_type=\"widget\" data-widget_type=\"image.default\">\n\t\t\t\t<div class=\"elementor-widget-container\">\n\t\t\t\t\t\t\t\t\t\t\t\t\t\t\t<img decoding=\"async\" width=\"800\" height=\"534\" src=\"https:\/\/saintjeanlasseille.site-internet-net.fr\/wp-content\/uploads\/2024\/07\/doctors-pushing-emergency-stretcher-bed-corridor-1024x683.jpg\" class=\"attachment-large size-large wp-image-1638\" alt=\"\" srcset=\"https:\/\/saintjeanlasseille.site-internet-net.fr\/wp-content\/uploads\/2024\/07\/doctors-pushing-emergency-stretcher-bed-corridor-1024x683.jpg 1024w, https:\/\/saintjeanlasseille.site-internet-net.fr\/wp-content\/uploads\/2024\/07\/doctors-pushing-emergency-stretcher-bed-corridor-300x200.jpg 300w, https:\/\/saintjeanlasseille.site-internet-net.fr\/wp-content\/uploads\/2024\/07\/doctors-pushing-emergency-stretcher-bed-corridor-768x512.jpg 768w, https:\/\/saintjeanlasseille.site-internet-net.fr\/wp-content\/uploads\/2024\/07\/doctors-pushing-emergency-stretcher-bed-corridor-391x260.jpg 391w, https:\/\/saintjeanlasseille.site-internet-net.fr\/wp-content\/uploads\/2024\/07\/doctors-pushing-emergency-stretcher-bed-corridor-1536x1024.jpg 1536w, https:\/\/saintjeanlasseille.site-internet-net.fr\/wp-content\/uploads\/2024\/07\/doctors-pushing-emergency-stretcher-bed-corridor-2048x1365.jpg 2048w\" sizes=\"(max-width: 800px) 100vw, 800px\" \/>\t\t\t\t\t\t\t\t\t\t\t\t\t\t\t<\/div>\n\t\t\t\t<\/div>\n\t\t\t\t<div class=\"elementor-element elementor-element-4df8cb2 elementor-widget elementor-widget-image\" data-id=\"4df8cb2\" data-element_type=\"widget\" data-widget_type=\"image.default\">\n\t\t\t\t<div class=\"elementor-widget-container\">\n\t\t\t\t\t\t\t\t\t\t\t\t\t\t\t<img decoding=\"async\" width=\"800\" height=\"450\" src=\"https:\/\/saintjeanlasseille.site-internet-net.fr\/wp-content\/uploads\/2024\/07\/gendarmerie-1024x576.jpeg\" class=\"attachment-large size-large wp-image-1646\" alt=\"\" srcset=\"https:\/\/saintjeanlasseille.site-internet-net.fr\/wp-content\/uploads\/2024\/07\/gendarmerie-1024x576.jpeg 1024w, https:\/\/saintjeanlasseille.site-internet-net.fr\/wp-content\/uploads\/2024\/07\/gendarmerie-300x169.jpeg 300w, https:\/\/saintjeanlasseille.site-internet-net.fr\/wp-content\/uploads\/2024\/07\/gendarmerie-768x432.jpeg 768w, https:\/\/saintjeanlasseille.site-internet-net.fr\/wp-content\/uploads\/2024\/07\/gendarmerie-1536x864.jpeg 1536w, https:\/\/saintjeanlasseille.site-internet-net.fr\/wp-content\/uploads\/2024\/07\/gendarmerie-2048x1152.jpeg 2048w\" sizes=\"(max-width: 800px) 100vw, 800px\" \/>\t\t\t\t\t\t\t\t\t\t\t\t\t\t\t<\/div>\n\t\t\t\t<\/div>\n\t\t\t\t<\/div>\n\t\t\t\t<\/div>\n\t\t\t\t\t<\/div>\n\t\t\t\t<\/div>\n\t\t\t\t<\/div>\n\t\t<div class=\"elementor-element elementor-element-4be2498 traits e-flex e-con-boxed e-con e-parent\" data-id=\"4be2498\" data-element_type=\"container\">\n\t\t\t\t\t<div class=\"e-con-inner\">\n\t\t\t\t<div class=\"elementor-element elementor-element-dc875c2 elementor-widget elementor-widget-text-editor\" data-id=\"dc875c2\" data-element_type=\"widget\" data-widget_type=\"text-editor.default\">\n\t\t\t\t<div class=\"elementor-widget-container\">\n\t\t\t\t\t\t\t\t\t<p><strong>Vous \u00eates un professionnel de sant\u00e9 et vous vous installez sur la commune ?<\/strong> <br \/>Pensez \u00e0 vous signaler \u00e0 la mairie pour vous mentionner ici pour les habitants de la commune.<\/p>\t\t\t\t\t\t\t\t<\/div>\n\t\t\t\t<\/div>\n\t\t\t\t\t<\/div>\n\t\t\t\t<\/div>\n\t\t\t\t<\/div>\n\t\t","protected":false},"excerpt":{"rendered":"<p>Sant\u00e9 Toutes les informations concernantles services de sant\u00e9 du village Sant\u00e9 Cabinet de Kinesith\u00e9rapie Maria Alvarez, kin\u00e9sith\u00e9rapeute, propose des cours de pilates les :mardi de 18h30 \u00e0 19h30jeudi de 13h30 \u00e0 14h30 et de 18h30 \u00e0 19h3011 rue des Alb\u00e8res &#8211; Saint Jean LasseilleRenseignements au 06 80 02 70 26 INFIRMI\u00c8RES Saint-Jean-LasseilleCHERIEF Aurore 07.66.22.99.83 VillemolaqueCULEBRAS [&hellip;]<\/p>\n","protected":false},"author":2,"featured_media":0,"parent":0,"menu_order":0,"comment_status":"closed","ping_status":"closed","template":"","meta":{"footnotes":""},"class_list":["post-37","page","type-page","status-publish","hentry"],"_links":{"self":[{"href":"https:\/\/saintjeanlasseille.site-internet-net.fr\/index.php?rest_route=\/wp\/v2\/pages\/37"}],"collection":[{"href":"https:\/\/saintjeanlasseille.site-internet-net.fr\/index.php?rest_route=\/wp\/v2\/pages"}],"about":[{"href":"https:\/\/saintjeanlasseille.site-internet-net.fr\/index.php?rest_route=\/wp\/v2\/types\/page"}],"author":[{"embeddable":true,"href":"https:\/\/saintjeanlasseille.site-internet-net.fr\/index.php?rest_route=\/wp\/v2\/users\/2"}],"replies":[{"embeddable":true,"href":"https:\/\/saintjeanlasseille.site-internet-net.fr\/index.php?rest_route=%2Fwp%2Fv2%2Fcomments&post=37"}],"version-history":[{"count":58,"href":"https:\/\/saintjeanlasseille.site-internet-net.fr\/index.php?rest_route=\/wp\/v2\/pages\/37\/revisions"}],"predecessor-version":[{"id":1714,"href":"https:\/\/saintjeanlasseille.site-internet-net.fr\/index.php?rest_route=\/wp\/v2\/pages\/37\/revisions\/1714"}],"wp:attachment":[{"href":"https:\/\/saintjeanlasseille.site-internet-net.fr\/index.php?rest_route=%2Fwp%2Fv2%2Fmedia&parent=37"}],"curies":[{"name":"wp","href":"https:\/\/api.w.org\/{rel}","templated":true}]}}