{"id":45,"date":"2024-06-19T15:46:49","date_gmt":"2024-06-19T13:46:49","guid":{"rendered":"https:\/\/saintjeanlasseille.site-internet-net.fr\/?page_id=45"},"modified":"2024-07-23T22:31:22","modified_gmt":"2024-07-23T20:31:22","slug":"police-municipale","status":"publish","type":"page","link":"https:\/\/saintjeanlasseille.site-internet-net.fr\/?page_id=45","title":{"rendered":"Police Municipale"},"content":{"rendered":"\t\t<div data-elementor-type=\"wp-page\" data-elementor-id=\"45\" class=\"elementor elementor-45\" data-elementor-post-type=\"page\">\n\t\t\t\t<div class=\"elementor-element elementor-element-352d4370 e-flex e-con-boxed e-con e-parent\" data-id=\"352d4370\" data-element_type=\"container\" data-settings=\"{&quot;background_background&quot;:&quot;classic&quot;}\">\n\t\t\t\t\t<div class=\"e-con-inner\">\n\t\t<div class=\"elementor-element elementor-element-38dfcc65 e-con-full e-flex e-con e-child\" data-id=\"38dfcc65\" data-element_type=\"container\">\n\t\t\t\t<div class=\"elementor-element elementor-element-69de92f1 elementor-widget elementor-widget-heading\" data-id=\"69de92f1\" data-element_type=\"widget\" data-widget_type=\"heading.default\">\n\t\t\t\t<div class=\"elementor-widget-container\">\n\t\t\t\t\t<h1 class=\"elementor-heading-title elementor-size-default\">Police municipale<\/h1>\t\t\t\t<\/div>\n\t\t\t\t<\/div>\n\t\t\t\t<\/div>\n\t\t\t\t\t<\/div>\n\t\t\t\t<\/div>\n\t\t<div class=\"elementor-element elementor-element-67103e19 e-con-full e-flex e-con e-parent\" data-id=\"67103e19\" data-element_type=\"container\" data-settings=\"{&quot;background_background&quot;:&quot;classic&quot;}\">\n\t\t<div class=\"elementor-element elementor-element-419b1ec6 marianne e-flex e-con-boxed e-con e-child\" data-id=\"419b1ec6\" data-element_type=\"container\" data-settings=\"{&quot;background_background&quot;:&quot;classic&quot;,&quot;shape_divider_bottom&quot;:&quot;triangle-asymmetrical&quot;,&quot;shape_divider_bottom_negative&quot;:&quot;yes&quot;}\">\n\t\t\t\t\t<div class=\"e-con-inner\">\n\t\t\t\t<div class=\"elementor-shape elementor-shape-bottom\" aria-hidden=\"true\" data-negative=\"true\">\n\t\t\t<svg xmlns=\"http:\/\/www.w3.org\/2000\/svg\" viewBox=\"0 0 1000 100\" preserveAspectRatio=\"none\">\n\t<path class=\"elementor-shape-fill\" d=\"M737.9,94.7L0,0v100h1000V0L737.9,94.7z\"\/>\n<\/svg>\t\t<\/div>\n\t\t\t\t<div class=\"elementor-element elementor-element-4493610b elementor-widget elementor-widget-text-editor\" data-id=\"4493610b\" data-element_type=\"widget\" data-widget_type=\"text-editor.default\">\n\t\t\t\t<div class=\"elementor-widget-container\">\n\t\t\t\t\t\t\t\t\t<p>Texte d&rsquo;introduction qui explique la page<br \/><em>avec mise en exergue via &lt;em&gt;<\/em>.<\/p>\t\t\t\t\t\t\t\t<\/div>\n\t\t\t\t<\/div>\n\t\t\t\t\t<\/div>\n\t\t\t\t<\/div>\n\t\t\t\t<\/div>\n\t\t<div class=\"elementor-element elementor-element-6df4fbb0 traits e-flex e-con-boxed e-con e-parent\" data-id=\"6df4fbb0\" data-element_type=\"container\">\n\t\t\t\t\t<div class=\"e-con-inner\">\n\t\t\t\t<div class=\"elementor-element elementor-element-5f04c9f6 elementor-widget elementor-widget-heading\" data-id=\"5f04c9f6\" data-element_type=\"widget\" data-widget_type=\"heading.default\">\n\t\t\t\t<div class=\"elementor-widget-container\">\n\t\t\t\t\t<h2 class=\"elementor-heading-title elementor-size-default\">Un titre<\/h2>\t\t\t\t<\/div>\n\t\t\t\t<\/div>\n\t\t<div class=\"elementor-element elementor-element-20d4613a e-con-full e-flex e-con e-child\" data-id=\"20d4613a\" data-element_type=\"container\">\n\t\t<div class=\"elementor-element elementor-element-1984a1d0 e-con-full e-flex e-con e-child\" data-id=\"1984a1d0\" data-element_type=\"container\">\n\t\t\t\t<div class=\"elementor-element elementor-element-6fcb46fd elementor-widget elementor-widget-heading\" data-id=\"6fcb46fd\" data-element_type=\"widget\" data-widget_type=\"heading.default\">\n\t\t\t\t<div class=\"elementor-widget-container\">\n\t\t\t\t\t<h3 class=\"elementor-heading-title elementor-size-default\">Un sous-titre<\/h3>\t\t\t\t<\/div>\n\t\t\t\t<\/div>\n\t\t\t\t<div class=\"elementor-element elementor-element-48d3010f elementor-widget__width-initial elementor-widget elementor-widget-text-editor\" data-id=\"48d3010f\" data-element_type=\"widget\" data-widget_type=\"text-editor.default\">\n\t\t\t\t<div class=\"elementor-widget-container\">\n\t\t\t\t\t\t\t\t\t<p>C&rsquo;est l&rsquo;occasion pour chacun de nous de participer activement \u00e0 la vie d\u00e9mocratique en choisissant nos repr\u00e9sentants \u00e0 l&rsquo;Assembl\u00e9e nationale. Nous vous encourageons \u00e0 exercer votre droit de vote et \u00e0 consulter notre site pour toutes les informations pratiques : bureaux de vote, horaires, procurations et modalit\u00e9s.<\/p><p>Faites entendre votre voix !<\/p>\t\t\t\t\t\t\t\t<\/div>\n\t\t\t\t<\/div>\n\t\t\t\t<div class=\"elementor-element elementor-element-744a3f3a elementor-widget elementor-widget-button\" data-id=\"744a3f3a\" data-element_type=\"widget\" data-widget_type=\"button.default\">\n\t\t\t\t<div class=\"elementor-widget-container\">\n\t\t\t\t\t\t\t\t\t<div class=\"elementor-button-wrapper\">\n\t\t\t\t\t<a class=\"elementor-button elementor-button-link elementor-size-sm\" href=\"#\">\n\t\t\t\t\t\t<span class=\"elementor-button-content-wrapper\">\n\t\t\t\t\t\t\t\t\t<span class=\"elementor-button-text\">Plus d'information<\/span>\n\t\t\t\t\t<\/span>\n\t\t\t\t\t<\/a>\n\t\t\t\t<\/div>\n\t\t\t\t\t\t\t\t<\/div>\n\t\t\t\t<\/div>\n\t\t\t\t<\/div>\n\t\t<div class=\"elementor-element elementor-element-6dd90e3d e-con-full e-flex e-con e-child\" data-id=\"6dd90e3d\" data-element_type=\"container\">\n\t\t\t\t<div class=\"elementor-element elementor-element-67cd9dfa elementor-widget elementor-widget-image\" data-id=\"67cd9dfa\" data-element_type=\"widget\" data-widget_type=\"image.default\">\n\t\t\t\t<div class=\"elementor-widget-container\">\n\t\t\t\t\t\t\t\t\t\t\t\t\t\t\t<img fetchpriority=\"high\" decoding=\"async\" width=\"696\" height=\"484\" src=\"https:\/\/saintjeanlasseille.site-internet-net.fr\/wp-content\/uploads\/2024\/07\/vote.jpg\" class=\"attachment-large size-large wp-image-222\" alt=\"\" srcset=\"https:\/\/saintjeanlasseille.site-internet-net.fr\/wp-content\/uploads\/2024\/07\/vote.jpg 696w, https:\/\/saintjeanlasseille.site-internet-net.fr\/wp-content\/uploads\/2024\/07\/vote-300x209.jpg 300w\" sizes=\"(max-width: 696px) 100vw, 696px\" \/>\t\t\t\t\t\t\t\t\t\t\t\t\t\t\t<\/div>\n\t\t\t\t<\/div>\n\t\t\t\t<\/div>\n\t\t\t\t<\/div>\n\t\t\t\t\t<\/div>\n\t\t\t\t<\/div>\n\t\t\t\t<\/div>\n\t\t","protected":false},"excerpt":{"rendered":"<p>Police municipale Texte d&rsquo;introduction qui explique la pageavec mise en exergue via &lt;em&gt;. Un titre Un sous-titre C&rsquo;est l&rsquo;occasion pour chacun de nous de participer activement \u00e0 la vie d\u00e9mocratique en choisissant nos repr\u00e9sentants \u00e0 l&rsquo;Assembl\u00e9e nationale. Nous vous encourageons \u00e0 exercer votre droit de vote et \u00e0 consulter notre site pour toutes les informations [&hellip;]<\/p>\n","protected":false},"author":2,"featured_media":0,"parent":0,"menu_order":0,"comment_status":"closed","ping_status":"closed","template":"","meta":{"footnotes":""},"class_list":["post-45","page","type-page","status-publish","hentry"],"_links":{"self":[{"href":"https:\/\/saintjeanlasseille.site-internet-net.fr\/index.php?rest_route=\/wp\/v2\/pages\/45"}],"collection":[{"href":"https:\/\/saintjeanlasseille.site-internet-net.fr\/index.php?rest_route=\/wp\/v2\/pages"}],"about":[{"href":"https:\/\/saintjeanlasseille.site-internet-net.fr\/index.php?rest_route=\/wp\/v2\/types\/page"}],"author":[{"embeddable":true,"href":"https:\/\/saintjeanlasseille.site-internet-net.fr\/index.php?rest_route=\/wp\/v2\/users\/2"}],"replies":[{"embeddable":true,"href":"https:\/\/saintjeanlasseille.site-internet-net.fr\/index.php?rest_route=%2Fwp%2Fv2%2Fcomments&post=45"}],"version-history":[{"count":10,"href":"https:\/\/saintjeanlasseille.site-internet-net.fr\/index.php?rest_route=\/wp\/v2\/pages\/45\/revisions"}],"predecessor-version":[{"id":1085,"href":"https:\/\/saintjeanlasseille.site-internet-net.fr\/index.php?rest_route=\/wp\/v2\/pages\/45\/revisions\/1085"}],"wp:attachment":[{"href":"https:\/\/saintjeanlasseille.site-internet-net.fr\/index.php?rest_route=%2Fwp%2Fv2%2Fmedia&parent=45"}],"curies":[{"name":"wp","href":"https:\/\/api.w.org\/{rel}","templated":true}]}}